{"id":15,"date":"2026-01-09T19:03:12","date_gmt":"2026-01-09T18:03:12","guid":{"rendered":"https:\/\/elbailaor.wordpress.com\/?page_id=15"},"modified":"2026-03-03T21:48:05","modified_gmt":"2026-03-03T20:48:05","slug":"gozo","status":"publish","type":"page","link":"https:\/\/elbailaor.com\/?page_id=15","title":{"rendered":"Gozo"},"content":{"rendered":"\n<p><strong>GOZO es un viaje emocional, un espect\u00e1culo donde la tradici\u00f3n y la vanguardia se abrazan.<\/strong><strong><\/strong><\/p>\n\n\n\n<p><strong>Jes\u00fas Blanco, bailaor tarraconense elegante y pasional, lidera esta puesta en escena que honra la esencia del flamenco mientras explora nuevas fronteras art\u00edsticas.<\/strong><\/p>\n\n\n\n<p><strong>Sobre el escenario le acompa\u00f1an el tarraconense Pau Dom\u00e8nech a la guitarra, el desgarrador cante del jerezano Jorge Mesa \u00abEl Pirata\u00bb y los ritmos del gran Lucas Balbo a la percusi\u00f3n, este espect\u00e1culo es un mosaico de emociones. Desde la intensidad de la Seguirilla hasta la majestuosa Sole\u00e1, pasando por Cantinas y Buler\u00edas.<\/strong><\/p>\n\n\n\n<p><strong>GOZO no solo es un homenaje al flamenco tradicional, sino tambi\u00e9n una celebraci\u00f3n a su capacidad de reinventarse, mostrando c\u00f3mo esta forma de arte trasciende generaciones y fronteras. Todo esto con el \u201cgozo\u201d de saborear cada momento, cada movimiento y cada emoci\u00f3n.<\/strong><\/p>\n\n\n\n<figure class=\"wp-block-embed is-type-video is-provider-youtube wp-block-embed-youtube wp-embed-aspect-16-9 wp-has-aspect-ratio\"><div class=\"wp-block-embed__wrapper\">\n<iframe title=\"El bailaor tarragon\u00ed Jes\u00fas Blanco estrena &#039;Gozo&#039; a la Trono\" width=\"925\" height=\"520\" src=\"https:\/\/www.youtube.com\/embed\/lQXzypQiPGM?feature=oembed\" frameborder=\"0\" allow=\"accelerometer; autoplay; clipboard-write; encrypted-media; gyroscope; picture-in-picture; web-share\" referrerpolicy=\"strict-origin-when-cross-origin\" allowfullscreen><\/iframe>\n<\/div><\/figure>\n","protected":false},"excerpt":{"rendered":"<p>GOZO es un viaje emocional, un espect\u00e1culo donde la tradici\u00f3n y la vanguardia se abrazan. Jes\u00fas Blanco, bailaor tarraconense elegante y pasional, lidera esta puesta en escena que honra la esencia del flamenco mientras explora&hellip;<\/p>\n<p class=\"more-link-wrapper\"><a href=\"https:\/\/elbailaor.com\/?page_id=15\" class=\"more-link\">Continue Reading<span class=\"screen-reader-text\"> \u00abGozo\u00bb<\/span><\/a><\/p>\n","protected":false},"author":2,"featured_media":102,"parent":26,"menu_order":0,"comment_status":"closed","ping_status":"closed","template":"","meta":{"footnotes":""},"class_list":["post-15","page","type-page","status-publish","has-post-thumbnail","hentry"],"yoast_head":"<!-- This site is optimized with the Yoast SEO plugin v27.1.1 - https:\/\/yoast.com\/product\/yoast-seo-wordpress\/ -->\n<title>Gozo - Jes\u00fas Blanco<\/title>\n<meta name=\"robots\" content=\"index, follow, max-snippet:-1, max-image-preview:large, max-video-preview:-1\" \/>\n<link rel=\"canonical\" href=\"https:\/\/elbailaor.com\/?page_id=15\" \/>\n<meta property=\"og:locale\" content=\"es_ES\" \/>\n<meta property=\"og:type\" content=\"article\" \/>\n<meta property=\"og:title\" content=\"Gozo - Jes\u00fas Blanco\" \/>\n<meta property=\"og:description\" content=\"GOZO es un viaje emocional, un espect\u00e1culo donde la tradici\u00f3n y la vanguardia se abrazan. Jes\u00fas Blanco, bailaor tarraconense elegante y pasional, lidera esta puesta en escena que honra la esencia del flamenco mientras explora&hellip;Continue Reading &quot;Gozo&quot;\" \/>\n<meta property=\"og:url\" content=\"https:\/\/elbailaor.com\/?page_id=15\" \/>\n<meta property=\"og:site_name\" content=\"Jes\u00fas Blanco\" \/>\n<meta property=\"article:modified_time\" content=\"2026-03-03T20:48:05+00:00\" \/>\n<meta property=\"og:image\" content=\"https:\/\/elbailaor.com\/wp-content\/uploads\/2026\/03\/jesus-blanco-gozo.jpg\" \/>\n\t<meta property=\"og:image:width\" content=\"1200\" \/>\n\t<meta property=\"og:image:height\" content=\"600\" \/>\n\t<meta property=\"og:image:type\" content=\"image\/jpeg\" \/>\n<meta name=\"twitter:card\" content=\"summary_large_image\" \/>\n<meta name=\"twitter:label1\" content=\"Tiempo de lectura\" \/>\n\t<meta name=\"twitter:data1\" content=\"1 minuto\" \/>\n<script type=\"application\/ld+json\" class=\"yoast-schema-graph\">{\"@context\":\"https:\/\/schema.org\",\"@graph\":[{\"@type\":\"WebPage\",\"@id\":\"https:\/\/elbailaor.com\/?page_id=15\",\"url\":\"https:\/\/elbailaor.com\/?page_id=15\",\"name\":\"Gozo - Jes\u00fas Blanco\",\"isPartOf\":{\"@id\":\"https:\/\/elbailaor.com\/#website\"},\"primaryImageOfPage\":{\"@id\":\"https:\/\/elbailaor.com\/?page_id=15#primaryimage\"},\"image\":{\"@id\":\"https:\/\/elbailaor.com\/?page_id=15#primaryimage\"},\"thumbnailUrl\":\"https:\/\/elbailaor.com\/wp-content\/uploads\/2026\/03\/jesus-blanco-gozo.jpg\",\"datePublished\":\"2026-01-09T18:03:12+00:00\",\"dateModified\":\"2026-03-03T20:48:05+00:00\",\"breadcrumb\":{\"@id\":\"https:\/\/elbailaor.com\/?page_id=15#breadcrumb\"},\"inLanguage\":\"es\",\"potentialAction\":[{\"@type\":\"ReadAction\",\"target\":[\"https:\/\/elbailaor.com\/?page_id=15\"]}]},{\"@type\":\"ImageObject\",\"inLanguage\":\"es\",\"@id\":\"https:\/\/elbailaor.com\/?page_id=15#primaryimage\",\"url\":\"https:\/\/elbailaor.com\/wp-content\/uploads\/2026\/03\/jesus-blanco-gozo.jpg\",\"contentUrl\":\"https:\/\/elbailaor.com\/wp-content\/uploads\/2026\/03\/jesus-blanco-gozo.jpg\",\"width\":1200,\"height\":600},{\"@type\":\"BreadcrumbList\",\"@id\":\"https:\/\/elbailaor.com\/?page_id=15#breadcrumb\",\"itemListElement\":[{\"@type\":\"ListItem\",\"position\":1,\"name\":\"Portada\",\"item\":\"https:\/\/elbailaor.com\/\"},{\"@type\":\"ListItem\",\"position\":2,\"name\":\"ESPECT\u00c1CULOS\",\"item\":\"https:\/\/elbailaor.com\/?page_id=26\"},{\"@type\":\"ListItem\",\"position\":3,\"name\":\"Gozo\"}]},{\"@type\":\"WebSite\",\"@id\":\"https:\/\/elbailaor.com\/#website\",\"url\":\"https:\/\/elbailaor.com\/\",\"name\":\"Jes\u00fas Blanco el Bailaor\",\"description\":\"Ser humano - Bailaor - Director\",\"publisher\":{\"@id\":\"https:\/\/elbailaor.com\/#organization\"},\"alternateName\":\"Jes\u00fas Blanco\",\"potentialAction\":[{\"@type\":\"SearchAction\",\"target\":{\"@type\":\"EntryPoint\",\"urlTemplate\":\"https:\/\/elbailaor.com\/?s={search_term_string}\"},\"query-input\":{\"@type\":\"PropertyValueSpecification\",\"valueRequired\":true,\"valueName\":\"search_term_string\"}}],\"inLanguage\":\"es\"},{\"@type\":\"Organization\",\"@id\":\"https:\/\/elbailaor.com\/#organization\",\"name\":\"Jes\u00fas Blanco el Bailaor\",\"alternateName\":\"Jes\u00fas Blanco\",\"url\":\"https:\/\/elbailaor.com\/\",\"logo\":{\"@type\":\"ImageObject\",\"inLanguage\":\"es\",\"@id\":\"https:\/\/elbailaor.com\/#\/schema\/logo\/image\/\",\"url\":\"https:\/\/elbailaor.com\/wp-content\/uploads\/2026\/03\/JB-silueta-negra_200px-e1773247012621.jpg\",\"contentUrl\":\"https:\/\/elbailaor.com\/wp-content\/uploads\/2026\/03\/JB-silueta-negra_200px-e1773247012621.jpg\",\"width\":50,\"height\":50,\"caption\":\"Jes\u00fas Blanco el Bailaor\"},\"image\":{\"@id\":\"https:\/\/elbailaor.com\/#\/schema\/logo\/image\/\"}}]}<\/script>\n<!-- \/ Yoast SEO plugin. -->","yoast_head_json":{"title":"Gozo - Jes\u00fas Blanco","robots":{"index":"index","follow":"follow","max-snippet":"max-snippet:-1","max-image-preview":"max-image-preview:large","max-video-preview":"max-video-preview:-1"},"canonical":"https:\/\/elbailaor.com\/?page_id=15","og_locale":"es_ES","og_type":"article","og_title":"Gozo - Jes\u00fas Blanco","og_description":"GOZO es un viaje emocional, un espect\u00e1culo donde la tradici\u00f3n y la vanguardia se abrazan. Jes\u00fas Blanco, bailaor tarraconense elegante y pasional, lidera esta puesta en escena que honra la esencia del flamenco mientras explora&hellip;Continue Reading \"Gozo\"","og_url":"https:\/\/elbailaor.com\/?page_id=15","og_site_name":"Jes\u00fas Blanco","article_modified_time":"2026-03-03T20:48:05+00:00","og_image":[{"width":1200,"height":600,"url":"https:\/\/elbailaor.com\/wp-content\/uploads\/2026\/03\/jesus-blanco-gozo.jpg","type":"image\/jpeg"}],"twitter_card":"summary_large_image","twitter_misc":{"Tiempo de lectura":"1 minuto"},"schema":{"@context":"https:\/\/schema.org","@graph":[{"@type":"WebPage","@id":"https:\/\/elbailaor.com\/?page_id=15","url":"https:\/\/elbailaor.com\/?page_id=15","name":"Gozo - Jes\u00fas Blanco","isPartOf":{"@id":"https:\/\/elbailaor.com\/#website"},"primaryImageOfPage":{"@id":"https:\/\/elbailaor.com\/?page_id=15#primaryimage"},"image":{"@id":"https:\/\/elbailaor.com\/?page_id=15#primaryimage"},"thumbnailUrl":"https:\/\/elbailaor.com\/wp-content\/uploads\/2026\/03\/jesus-blanco-gozo.jpg","datePublished":"2026-01-09T18:03:12+00:00","dateModified":"2026-03-03T20:48:05+00:00","breadcrumb":{"@id":"https:\/\/elbailaor.com\/?page_id=15#breadcrumb"},"inLanguage":"es","potentialAction":[{"@type":"ReadAction","target":["https:\/\/elbailaor.com\/?page_id=15"]}]},{"@type":"ImageObject","inLanguage":"es","@id":"https:\/\/elbailaor.com\/?page_id=15#primaryimage","url":"https:\/\/elbailaor.com\/wp-content\/uploads\/2026\/03\/jesus-blanco-gozo.jpg","contentUrl":"https:\/\/elbailaor.com\/wp-content\/uploads\/2026\/03\/jesus-blanco-gozo.jpg","width":1200,"height":600},{"@type":"BreadcrumbList","@id":"https:\/\/elbailaor.com\/?page_id=15#breadcrumb","itemListElement":[{"@type":"ListItem","position":1,"name":"Portada","item":"https:\/\/elbailaor.com\/"},{"@type":"ListItem","position":2,"name":"ESPECT\u00c1CULOS","item":"https:\/\/elbailaor.com\/?page_id=26"},{"@type":"ListItem","position":3,"name":"Gozo"}]},{"@type":"WebSite","@id":"https:\/\/elbailaor.com\/#website","url":"https:\/\/elbailaor.com\/","name":"Jes\u00fas Blanco el Bailaor","description":"Ser humano - Bailaor - Director","publisher":{"@id":"https:\/\/elbailaor.com\/#organization"},"alternateName":"Jes\u00fas Blanco","potentialAction":[{"@type":"SearchAction","target":{"@type":"EntryPoint","urlTemplate":"https:\/\/elbailaor.com\/?s={search_term_string}"},"query-input":{"@type":"PropertyValueSpecification","valueRequired":true,"valueName":"search_term_string"}}],"inLanguage":"es"},{"@type":"Organization","@id":"https:\/\/elbailaor.com\/#organization","name":"Jes\u00fas Blanco el Bailaor","alternateName":"Jes\u00fas Blanco","url":"https:\/\/elbailaor.com\/","logo":{"@type":"ImageObject","inLanguage":"es","@id":"https:\/\/elbailaor.com\/#\/schema\/logo\/image\/","url":"https:\/\/elbailaor.com\/wp-content\/uploads\/2026\/03\/JB-silueta-negra_200px-e1773247012621.jpg","contentUrl":"https:\/\/elbailaor.com\/wp-content\/uploads\/2026\/03\/JB-silueta-negra_200px-e1773247012621.jpg","width":50,"height":50,"caption":"Jes\u00fas Blanco el Bailaor"},"image":{"@id":"https:\/\/elbailaor.com\/#\/schema\/logo\/image\/"}}]}},"jetpack_sharing_enabled":true,"_links":{"self":[{"href":"https:\/\/elbailaor.com\/index.php?rest_route=\/wp\/v2\/pages\/15","targetHints":{"allow":["GET"]}}],"collection":[{"href":"https:\/\/elbailaor.com\/index.php?rest_route=\/wp\/v2\/pages"}],"about":[{"href":"https:\/\/elbailaor.com\/index.php?rest_route=\/wp\/v2\/types\/page"}],"author":[{"embeddable":true,"href":"https:\/\/elbailaor.com\/index.php?rest_route=\/wp\/v2\/users\/2"}],"replies":[{"embeddable":true,"href":"https:\/\/elbailaor.com\/index.php?rest_route=%2Fwp%2Fv2%2Fcomments&post=15"}],"version-history":[{"count":3,"href":"https:\/\/elbailaor.com\/index.php?rest_route=\/wp\/v2\/pages\/15\/revisions"}],"predecessor-version":[{"id":109,"href":"https:\/\/elbailaor.com\/index.php?rest_route=\/wp\/v2\/pages\/15\/revisions\/109"}],"up":[{"embeddable":true,"href":"https:\/\/elbailaor.com\/index.php?rest_route=\/wp\/v2\/pages\/26"}],"wp:featuredmedia":[{"embeddable":true,"href":"https:\/\/elbailaor.com\/index.php?rest_route=\/wp\/v2\/media\/102"}],"wp:attachment":[{"href":"https:\/\/elbailaor.com\/index.php?rest_route=%2Fwp%2Fv2%2Fmedia&parent=15"}],"curies":[{"name":"wp","href":"https:\/\/api.w.org\/{rel}","templated":true}]}}