{"id":17,"date":"2026-01-09T19:03:34","date_gmt":"2026-01-09T18:03:34","guid":{"rendered":"https:\/\/elbailaor.wordpress.com\/?page_id=17"},"modified":"2026-03-03T21:49:29","modified_gmt":"2026-03-03T20:49:29","slug":"work-in-progress","status":"publish","type":"page","link":"https:\/\/elbailaor.com\/?page_id=17","title":{"rendered":"Work in progress"},"content":{"rendered":"\n<p>Work In Progress es una Performance dirigida por el bailaor y core\u00f3grafo Jes\u00fas Blanco e interpretada por la bailaora Lorena Mart\u00ednez y el productor musical Carlos Cuenca.<\/p>\n\n\n\n<p>En ella se profundiza en la idea de lo inconsciente y de los diferentes ejercicios que se utilizan para la creaci\u00f3n de una obra: desde la improvisaci\u00f3n hasta el trabajo con preparaci\u00f3n.<\/p>\n\n\n\n<p>Sin duda una experiencia \u00fanica para el espectador y para los artistas, pues lo que vivir\u00e1n nunca se repetir\u00e1 de la misma forma.<\/p>\n\n\n\n<p>Esta Performance est\u00e1 pensada para realizarse \u00fanicamente en lugares de inter\u00e9s educativo, cultural y tur\u00edstico. El objetivo es acercar al p\u00fablico a los lugares culturales donde se va a realizar el evento. Es ideal para colegios e institutos, pues los ni\u00f1os son el futuro de la sociedad y de la cultura.<\/p>\n\n\n\n<p><strong>PROGRAMA:<\/strong><\/p>\n\n\n\n<ul class=\"wp-block-list\">\n<li>Performance Lorena Mart\u00ednez y Carlos Cuenca: 40 minutos aproximadamente.<\/li>\n\n\n\n<li>Audiovisual Ni\u00f1o de Elche: 7 minutos.<\/li>\n\n\n\n<li>Conversaci\u00f3n con Lorena Mart\u00ednez, Carlos Cuenca y Jes\u00fas Blanco: 45 minutos.<\/li>\n\n\n\n<li>Opcional: presencial Ni\u00f1o de Elche en conversaci\u00f3n 60 minutos abiertos.<\/li>\n<\/ul>\n\n\n\n<p class=\"has-text-align-center\"><a href=\"https:\/\/www.facebook.com\/media\/set\/?set=a.1103068841819700&amp;type=3&amp;locale=es_ES\"><em>Fotograf\u00edas de Fotografia:\u00a0Lila Alberich de la actuaci\u00f3n en el Museu d&#8217;Art Modern de Tarragona<\/em><\/a><\/p>\n\n\n\n<figure class=\"wp-block-image size-large\"><img decoding=\"async\" src=\"https:\/\/scontent.fbcn13-1.fna.fbcdn.net\/v\/t39.30808-6\/495575316_1276277397832176_9022629309786166694_n.jpg?_nc_cat=102&amp;ccb=1-7&amp;_nc_sid=dd6889&amp;_nc_ohc=3Co38lRTqX0Q7kNvwGR59od&amp;_nc_oc=Adm-noJ9sLJJkRkbLKPrN_6hMWUPNi1txn_mZxDtRYfZcMCBUpGl8CXa64I0K34miXI&amp;_nc_zt=23&amp;_nc_ht=scontent.fbcn13-1.fna&amp;_nc_gid=NN3eMIE4Y5Zll8mznaP50Q&amp;_nc_ss=8&amp;oh=00_Afvxo_CG7Qachde5Aa0LrTW8t7wD4zwFx4GdrnNGGDgiJg&amp;oe=69A941D0\" alt=\"\" \/><\/figure>\n","protected":false},"excerpt":{"rendered":"<p>Work In Progress es una Performance dirigida por el bailaor y core\u00f3grafo Jes\u00fas Blanco e interpretada por la bailaora Lorena Mart\u00ednez y el productor musical Carlos Cuenca. En ella se profundiza en la idea de&hellip;<\/p>\n<p class=\"more-link-wrapper\"><a href=\"https:\/\/elbailaor.com\/?page_id=17\" class=\"more-link\">Continue Reading<span class=\"screen-reader-text\"> \u00abWork in progress\u00bb<\/span><\/a><\/p>\n","protected":false},"author":2,"featured_media":99,"parent":26,"menu_order":0,"comment_status":"closed","ping_status":"closed","template":"","meta":{"footnotes":""},"class_list":["post-17","page","type-page","status-publish","has-post-thumbnail","hentry"],"yoast_head":"<!-- This site is optimized with the Yoast SEO plugin v27.1.1 - https:\/\/yoast.com\/product\/yoast-seo-wordpress\/ -->\n<title>Work in progress - Jes\u00fas Blanco<\/title>\n<meta name=\"robots\" content=\"index, follow, max-snippet:-1, max-image-preview:large, max-video-preview:-1\" \/>\n<link rel=\"canonical\" href=\"https:\/\/elbailaor.com\/?page_id=17\" \/>\n<meta property=\"og:locale\" content=\"es_ES\" \/>\n<meta property=\"og:type\" content=\"article\" \/>\n<meta property=\"og:title\" content=\"Work in progress - Jes\u00fas Blanco\" \/>\n<meta property=\"og:description\" content=\"Work In Progress es una Performance dirigida por el bailaor y core\u00f3grafo Jes\u00fas Blanco e interpretada por la bailaora Lorena Mart\u00ednez y el productor musical Carlos Cuenca. En ella se profundiza en la idea de&hellip;Continue Reading &quot;Work in progress&quot;\" \/>\n<meta property=\"og:url\" content=\"https:\/\/elbailaor.com\/?page_id=17\" \/>\n<meta property=\"og:site_name\" content=\"Jes\u00fas Blanco\" \/>\n<meta property=\"article:modified_time\" content=\"2026-03-03T20:49:29+00:00\" \/>\n<meta property=\"og:image\" content=\"https:\/\/elbailaor.com\/wp-content\/uploads\/2026\/03\/jesus_blanco_work_in_progress.jpeg\" \/>\n\t<meta property=\"og:image:width\" content=\"1226\" \/>\n\t<meta property=\"og:image:height\" content=\"683\" \/>\n\t<meta property=\"og:image:type\" content=\"image\/jpeg\" \/>\n<meta name=\"twitter:card\" content=\"summary_large_image\" \/>\n<meta name=\"twitter:label1\" content=\"Tiempo de lectura\" \/>\n\t<meta name=\"twitter:data1\" content=\"1 minuto\" \/>\n<script type=\"application\/ld+json\" class=\"yoast-schema-graph\">{\"@context\":\"https:\/\/schema.org\",\"@graph\":[{\"@type\":\"WebPage\",\"@id\":\"https:\/\/elbailaor.com\/?page_id=17\",\"url\":\"https:\/\/elbailaor.com\/?page_id=17\",\"name\":\"Work in progress - Jes\u00fas Blanco\",\"isPartOf\":{\"@id\":\"https:\/\/elbailaor.com\/#website\"},\"primaryImageOfPage\":{\"@id\":\"https:\/\/elbailaor.com\/?page_id=17#primaryimage\"},\"image\":{\"@id\":\"https:\/\/elbailaor.com\/?page_id=17#primaryimage\"},\"thumbnailUrl\":\"https:\/\/elbailaor.com\/wp-content\/uploads\/2026\/03\/jesus_blanco_work_in_progress.jpeg\",\"datePublished\":\"2026-01-09T18:03:34+00:00\",\"dateModified\":\"2026-03-03T20:49:29+00:00\",\"breadcrumb\":{\"@id\":\"https:\/\/elbailaor.com\/?page_id=17#breadcrumb\"},\"inLanguage\":\"es\",\"potentialAction\":[{\"@type\":\"ReadAction\",\"target\":[\"https:\/\/elbailaor.com\/?page_id=17\"]}]},{\"@type\":\"ImageObject\",\"inLanguage\":\"es\",\"@id\":\"https:\/\/elbailaor.com\/?page_id=17#primaryimage\",\"url\":\"https:\/\/elbailaor.com\/wp-content\/uploads\/2026\/03\/jesus_blanco_work_in_progress.jpeg\",\"contentUrl\":\"https:\/\/elbailaor.com\/wp-content\/uploads\/2026\/03\/jesus_blanco_work_in_progress.jpeg\",\"width\":1226,\"height\":683},{\"@type\":\"BreadcrumbList\",\"@id\":\"https:\/\/elbailaor.com\/?page_id=17#breadcrumb\",\"itemListElement\":[{\"@type\":\"ListItem\",\"position\":1,\"name\":\"Portada\",\"item\":\"https:\/\/elbailaor.com\/\"},{\"@type\":\"ListItem\",\"position\":2,\"name\":\"ESPECT\u00c1CULOS\",\"item\":\"https:\/\/elbailaor.com\/?page_id=26\"},{\"@type\":\"ListItem\",\"position\":3,\"name\":\"Work in progress\"}]},{\"@type\":\"WebSite\",\"@id\":\"https:\/\/elbailaor.com\/#website\",\"url\":\"https:\/\/elbailaor.com\/\",\"name\":\"Jes\u00fas Blanco el Bailaor\",\"description\":\"Ser humano - Bailaor - Director\",\"publisher\":{\"@id\":\"https:\/\/elbailaor.com\/#organization\"},\"alternateName\":\"Jes\u00fas Blanco\",\"potentialAction\":[{\"@type\":\"SearchAction\",\"target\":{\"@type\":\"EntryPoint\",\"urlTemplate\":\"https:\/\/elbailaor.com\/?s={search_term_string}\"},\"query-input\":{\"@type\":\"PropertyValueSpecification\",\"valueRequired\":true,\"valueName\":\"search_term_string\"}}],\"inLanguage\":\"es\"},{\"@type\":\"Organization\",\"@id\":\"https:\/\/elbailaor.com\/#organization\",\"name\":\"Jes\u00fas Blanco el Bailaor\",\"alternateName\":\"Jes\u00fas Blanco\",\"url\":\"https:\/\/elbailaor.com\/\",\"logo\":{\"@type\":\"ImageObject\",\"inLanguage\":\"es\",\"@id\":\"https:\/\/elbailaor.com\/#\/schema\/logo\/image\/\",\"url\":\"https:\/\/elbailaor.com\/wp-content\/uploads\/2026\/03\/JB-silueta-negra_200px-e1773247012621.jpg\",\"contentUrl\":\"https:\/\/elbailaor.com\/wp-content\/uploads\/2026\/03\/JB-silueta-negra_200px-e1773247012621.jpg\",\"width\":50,\"height\":50,\"caption\":\"Jes\u00fas Blanco el Bailaor\"},\"image\":{\"@id\":\"https:\/\/elbailaor.com\/#\/schema\/logo\/image\/\"}}]}<\/script>\n<!-- \/ Yoast SEO plugin. -->","yoast_head_json":{"title":"Work in progress - Jes\u00fas Blanco","robots":{"index":"index","follow":"follow","max-snippet":"max-snippet:-1","max-image-preview":"max-image-preview:large","max-video-preview":"max-video-preview:-1"},"canonical":"https:\/\/elbailaor.com\/?page_id=17","og_locale":"es_ES","og_type":"article","og_title":"Work in progress - Jes\u00fas Blanco","og_description":"Work In Progress es una Performance dirigida por el bailaor y core\u00f3grafo Jes\u00fas Blanco e interpretada por la bailaora Lorena Mart\u00ednez y el productor musical Carlos Cuenca. En ella se profundiza en la idea de&hellip;Continue Reading \"Work in progress\"","og_url":"https:\/\/elbailaor.com\/?page_id=17","og_site_name":"Jes\u00fas Blanco","article_modified_time":"2026-03-03T20:49:29+00:00","og_image":[{"width":1226,"height":683,"url":"https:\/\/elbailaor.com\/wp-content\/uploads\/2026\/03\/jesus_blanco_work_in_progress.jpeg","type":"image\/jpeg"}],"twitter_card":"summary_large_image","twitter_misc":{"Tiempo de lectura":"1 minuto"},"schema":{"@context":"https:\/\/schema.org","@graph":[{"@type":"WebPage","@id":"https:\/\/elbailaor.com\/?page_id=17","url":"https:\/\/elbailaor.com\/?page_id=17","name":"Work in progress - Jes\u00fas Blanco","isPartOf":{"@id":"https:\/\/elbailaor.com\/#website"},"primaryImageOfPage":{"@id":"https:\/\/elbailaor.com\/?page_id=17#primaryimage"},"image":{"@id":"https:\/\/elbailaor.com\/?page_id=17#primaryimage"},"thumbnailUrl":"https:\/\/elbailaor.com\/wp-content\/uploads\/2026\/03\/jesus_blanco_work_in_progress.jpeg","datePublished":"2026-01-09T18:03:34+00:00","dateModified":"2026-03-03T20:49:29+00:00","breadcrumb":{"@id":"https:\/\/elbailaor.com\/?page_id=17#breadcrumb"},"inLanguage":"es","potentialAction":[{"@type":"ReadAction","target":["https:\/\/elbailaor.com\/?page_id=17"]}]},{"@type":"ImageObject","inLanguage":"es","@id":"https:\/\/elbailaor.com\/?page_id=17#primaryimage","url":"https:\/\/elbailaor.com\/wp-content\/uploads\/2026\/03\/jesus_blanco_work_in_progress.jpeg","contentUrl":"https:\/\/elbailaor.com\/wp-content\/uploads\/2026\/03\/jesus_blanco_work_in_progress.jpeg","width":1226,"height":683},{"@type":"BreadcrumbList","@id":"https:\/\/elbailaor.com\/?page_id=17#breadcrumb","itemListElement":[{"@type":"ListItem","position":1,"name":"Portada","item":"https:\/\/elbailaor.com\/"},{"@type":"ListItem","position":2,"name":"ESPECT\u00c1CULOS","item":"https:\/\/elbailaor.com\/?page_id=26"},{"@type":"ListItem","position":3,"name":"Work in progress"}]},{"@type":"WebSite","@id":"https:\/\/elbailaor.com\/#website","url":"https:\/\/elbailaor.com\/","name":"Jes\u00fas Blanco el Bailaor","description":"Ser humano - Bailaor - Director","publisher":{"@id":"https:\/\/elbailaor.com\/#organization"},"alternateName":"Jes\u00fas Blanco","potentialAction":[{"@type":"SearchAction","target":{"@type":"EntryPoint","urlTemplate":"https:\/\/elbailaor.com\/?s={search_term_string}"},"query-input":{"@type":"PropertyValueSpecification","valueRequired":true,"valueName":"search_term_string"}}],"inLanguage":"es"},{"@type":"Organization","@id":"https:\/\/elbailaor.com\/#organization","name":"Jes\u00fas Blanco el Bailaor","alternateName":"Jes\u00fas Blanco","url":"https:\/\/elbailaor.com\/","logo":{"@type":"ImageObject","inLanguage":"es","@id":"https:\/\/elbailaor.com\/#\/schema\/logo\/image\/","url":"https:\/\/elbailaor.com\/wp-content\/uploads\/2026\/03\/JB-silueta-negra_200px-e1773247012621.jpg","contentUrl":"https:\/\/elbailaor.com\/wp-content\/uploads\/2026\/03\/JB-silueta-negra_200px-e1773247012621.jpg","width":50,"height":50,"caption":"Jes\u00fas Blanco el Bailaor"},"image":{"@id":"https:\/\/elbailaor.com\/#\/schema\/logo\/image\/"}}]}},"jetpack_sharing_enabled":true,"_links":{"self":[{"href":"https:\/\/elbailaor.com\/index.php?rest_route=\/wp\/v2\/pages\/17","targetHints":{"allow":["GET"]}}],"collection":[{"href":"https:\/\/elbailaor.com\/index.php?rest_route=\/wp\/v2\/pages"}],"about":[{"href":"https:\/\/elbailaor.com\/index.php?rest_route=\/wp\/v2\/types\/page"}],"author":[{"embeddable":true,"href":"https:\/\/elbailaor.com\/index.php?rest_route=\/wp\/v2\/users\/2"}],"replies":[{"embeddable":true,"href":"https:\/\/elbailaor.com\/index.php?rest_route=%2Fwp%2Fv2%2Fcomments&post=17"}],"version-history":[{"count":1,"href":"https:\/\/elbailaor.com\/index.php?rest_route=\/wp\/v2\/pages\/17\/revisions"}],"predecessor-version":[{"id":111,"href":"https:\/\/elbailaor.com\/index.php?rest_route=\/wp\/v2\/pages\/17\/revisions\/111"}],"up":[{"embeddable":true,"href":"https:\/\/elbailaor.com\/index.php?rest_route=\/wp\/v2\/pages\/26"}],"wp:featuredmedia":[{"embeddable":true,"href":"https:\/\/elbailaor.com\/index.php?rest_route=\/wp\/v2\/media\/99"}],"wp:attachment":[{"href":"https:\/\/elbailaor.com\/index.php?rest_route=%2Fwp%2Fv2%2Fmedia&parent=17"}],"curies":[{"name":"wp","href":"https:\/\/api.w.org\/{rel}","templated":true}]}}