{"id":23,"date":"2026-01-09T19:04:24","date_gmt":"2026-01-09T18:04:24","guid":{"rendered":"https:\/\/elbailaor.wordpress.com\/?page_id=21"},"modified":"2026-03-08T20:07:12","modified_gmt":"2026-03-08T19:07:12","slug":"tablaos","status":"publish","type":"page","link":"https:\/\/elbailaor.com\/?page_id=23","title":{"rendered":"TABLAOS"},"content":{"rendered":"\n<p>El bailaor y core\u00f3grafo Jes\u00fas Blanco contin\u00faa la b\u00fasqueda infinita de un lenguaje aut\u00e9ntico, arraigado en el flamenco de tablao tradicional, mientras crea sinergias con otros artistas y disciplinas. Un lenguaje que nace de sus ra\u00edces y se eleva hacia la vanguardia a trav\u00e9s de un enfoque conceptual audaz, abrazando el coraz\u00f3n, el espacio y el tiempo.<\/p>\n\n\n\n<p>Con experiencia en los Tablaos desde sus 18 a\u00f1os, Jes\u00fas ha trabajado con personalidades como el maestro Juan Ram\u00edrez, Karime Amaya, Sara Jim\u00e9nez, Yoel Vergas, Cristina Aguilera, entre otros muchos grandes artistas, contando grandes cantaores y guitarristas.<\/p>\n\n\n\n<figure class=\"wp-block-gallery has-nested-images columns-default is-cropped wp-block-gallery-1 is-layout-flex wp-block-gallery-is-layout-flex\">\n<figure class=\"wp-block-image size-large\"><img fetchpriority=\"high\" decoding=\"async\" width=\"1024\" height=\"683\" data-id=\"100\" src=\"https:\/\/elbailaor.com\/wp-content\/uploads\/2026\/03\/jesus_blanco_tablaos-1024x683.jpg\" alt=\"\" class=\"wp-image-100\" srcset=\"https:\/\/elbailaor.com\/wp-content\/uploads\/2026\/03\/jesus_blanco_tablaos-1024x683.jpg 1024w, https:\/\/elbailaor.com\/wp-content\/uploads\/2026\/03\/jesus_blanco_tablaos-300x200.jpg 300w, https:\/\/elbailaor.com\/wp-content\/uploads\/2026\/03\/jesus_blanco_tablaos-768x512.jpg 768w, https:\/\/elbailaor.com\/wp-content\/uploads\/2026\/03\/jesus_blanco_tablaos-1536x1024.jpg 1536w, https:\/\/elbailaor.com\/wp-content\/uploads\/2026\/03\/jesus_blanco_tablaos.jpg 1920w\" sizes=\"(max-width: 1024px) 100vw, 1024px\" \/><\/figure>\n\n\n\n<figure class=\"wp-block-image size-large\"><img decoding=\"async\" width=\"1024\" height=\"683\" data-id=\"146\" src=\"https:\/\/elbailaor.com\/wp-content\/uploads\/2026\/03\/Jesus-Blanco-Tablao-27-2017.05.10-1024x683.jpg\" alt=\"\" class=\"wp-image-146\" srcset=\"https:\/\/elbailaor.com\/wp-content\/uploads\/2026\/03\/Jesus-Blanco-Tablao-27-2017.05.10-1024x683.jpg 1024w, https:\/\/elbailaor.com\/wp-content\/uploads\/2026\/03\/Jesus-Blanco-Tablao-27-2017.05.10-300x200.jpg 300w, https:\/\/elbailaor.com\/wp-content\/uploads\/2026\/03\/Jesus-Blanco-Tablao-27-2017.05.10-768x512.jpg 768w, https:\/\/elbailaor.com\/wp-content\/uploads\/2026\/03\/Jesus-Blanco-Tablao-27-2017.05.10-1536x1024.jpg 1536w, https:\/\/elbailaor.com\/wp-content\/uploads\/2026\/03\/Jesus-Blanco-Tablao-27-2017.05.10.jpg 1900w\" sizes=\"(max-width: 1024px) 100vw, 1024px\" \/><\/figure>\n\n\n\n<figure class=\"wp-block-image size-large\"><img decoding=\"async\" width=\"1024\" height=\"683\" data-id=\"147\" src=\"https:\/\/elbailaor.com\/wp-content\/uploads\/2026\/03\/Jesus-Blanco-Tablao-64-2017.05.10-1024x683.jpg\" alt=\"\" class=\"wp-image-147\" srcset=\"https:\/\/elbailaor.com\/wp-content\/uploads\/2026\/03\/Jesus-Blanco-Tablao-64-2017.05.10-1024x683.jpg 1024w, https:\/\/elbailaor.com\/wp-content\/uploads\/2026\/03\/Jesus-Blanco-Tablao-64-2017.05.10-300x200.jpg 300w, https:\/\/elbailaor.com\/wp-content\/uploads\/2026\/03\/Jesus-Blanco-Tablao-64-2017.05.10-768x512.jpg 768w, https:\/\/elbailaor.com\/wp-content\/uploads\/2026\/03\/Jesus-Blanco-Tablao-64-2017.05.10-1536x1024.jpg 1536w, https:\/\/elbailaor.com\/wp-content\/uploads\/2026\/03\/Jesus-Blanco-Tablao-64-2017.05.10.jpg 1900w\" sizes=\"(max-width: 1024px) 100vw, 1024px\" \/><\/figure>\n<\/figure>\n\n\n\n<figure class=\"wp-block-embed is-type-video is-provider-youtube wp-block-embed-youtube wp-embed-aspect-16-9 wp-has-aspect-ratio\"><div class=\"wp-block-embed__wrapper\">\n<iframe title=\"Jes\u00fas Blanco en el Tablao La Herrer\u00eda\" width=\"925\" height=\"520\" src=\"https:\/\/www.youtube.com\/embed\/videoseries?list=PLgzGq1r7luxZotz6tktYZYA5yB6Cg4PUX\" frameborder=\"0\" allow=\"accelerometer; autoplay; clipboard-write; encrypted-media; gyroscope; picture-in-picture; web-share\" referrerpolicy=\"strict-origin-when-cross-origin\" allowfullscreen><\/iframe>\n<\/div><\/figure>\n","protected":false},"excerpt":{"rendered":"<p>El bailaor y core\u00f3grafo Jes\u00fas Blanco contin\u00faa la b\u00fasqueda infinita de un lenguaje aut\u00e9ntico, arraigado en el flamenco de tablao tradicional, mientras crea sinergias con otros artistas y disciplinas. Un lenguaje que nace de sus&hellip;<\/p>\n<p class=\"more-link-wrapper\"><a href=\"https:\/\/elbailaor.com\/?page_id=23\" class=\"more-link\">Continue Reading<span class=\"screen-reader-text\"> \u00abTABLAOS\u00bb<\/span><\/a><\/p>\n","protected":false},"author":2,"featured_media":147,"parent":0,"menu_order":3,"comment_status":"closed","ping_status":"closed","template":"","meta":{"footnotes":""},"class_list":["post-23","page","type-page","status-publish","has-post-thumbnail","hentry"],"yoast_head":"<!-- This site is optimized with the Yoast SEO plugin v27.1.1 - https:\/\/yoast.com\/product\/yoast-seo-wordpress\/ -->\n<title>TABLAOS - Jes\u00fas Blanco<\/title>\n<meta name=\"robots\" content=\"index, follow, max-snippet:-1, max-image-preview:large, max-video-preview:-1\" \/>\n<link rel=\"canonical\" href=\"https:\/\/elbailaor.com\/?page_id=23\" \/>\n<meta property=\"og:locale\" content=\"es_ES\" \/>\n<meta property=\"og:type\" content=\"article\" \/>\n<meta property=\"og:title\" content=\"TABLAOS - Jes\u00fas Blanco\" \/>\n<meta property=\"og:description\" content=\"El bailaor y core\u00f3grafo Jes\u00fas Blanco contin\u00faa la b\u00fasqueda infinita de un lenguaje aut\u00e9ntico, arraigado en el flamenco de tablao tradicional, mientras crea sinergias con otros artistas y disciplinas. Un lenguaje que nace de sus&hellip;Continue Reading &quot;TABLAOS&quot;\" \/>\n<meta property=\"og:url\" content=\"https:\/\/elbailaor.com\/?page_id=23\" \/>\n<meta property=\"og:site_name\" content=\"Jes\u00fas Blanco\" \/>\n<meta property=\"article:modified_time\" content=\"2026-03-08T19:07:12+00:00\" \/>\n<meta property=\"og:image\" content=\"https:\/\/elbailaor.com\/wp-content\/uploads\/2026\/03\/Jesus-Blanco-Tablao-64-2017.05.10.jpg\" \/>\n\t<meta property=\"og:image:width\" content=\"1900\" \/>\n\t<meta property=\"og:image:height\" content=\"1267\" \/>\n\t<meta property=\"og:image:type\" content=\"image\/jpeg\" \/>\n<meta name=\"twitter:card\" content=\"summary_large_image\" \/>\n<meta name=\"twitter:label1\" content=\"Tiempo de lectura\" \/>\n\t<meta name=\"twitter:data1\" content=\"1 minuto\" \/>\n<script type=\"application\/ld+json\" class=\"yoast-schema-graph\">{\"@context\":\"https:\/\/schema.org\",\"@graph\":[{\"@type\":\"WebPage\",\"@id\":\"https:\/\/elbailaor.com\/?page_id=23\",\"url\":\"https:\/\/elbailaor.com\/?page_id=23\",\"name\":\"TABLAOS - Jes\u00fas Blanco\",\"isPartOf\":{\"@id\":\"https:\/\/elbailaor.com\/#website\"},\"primaryImageOfPage\":{\"@id\":\"https:\/\/elbailaor.com\/?page_id=23#primaryimage\"},\"image\":{\"@id\":\"https:\/\/elbailaor.com\/?page_id=23#primaryimage\"},\"thumbnailUrl\":\"https:\/\/elbailaor.com\/wp-content\/uploads\/2026\/03\/Jesus-Blanco-Tablao-64-2017.05.10.jpg\",\"datePublished\":\"2026-01-09T18:04:24+00:00\",\"dateModified\":\"2026-03-08T19:07:12+00:00\",\"breadcrumb\":{\"@id\":\"https:\/\/elbailaor.com\/?page_id=23#breadcrumb\"},\"inLanguage\":\"es\",\"potentialAction\":[{\"@type\":\"ReadAction\",\"target\":[\"https:\/\/elbailaor.com\/?page_id=23\"]}]},{\"@type\":\"ImageObject\",\"inLanguage\":\"es\",\"@id\":\"https:\/\/elbailaor.com\/?page_id=23#primaryimage\",\"url\":\"https:\/\/elbailaor.com\/wp-content\/uploads\/2026\/03\/Jesus-Blanco-Tablao-64-2017.05.10.jpg\",\"contentUrl\":\"https:\/\/elbailaor.com\/wp-content\/uploads\/2026\/03\/Jesus-Blanco-Tablao-64-2017.05.10.jpg\",\"width\":1900,\"height\":1267},{\"@type\":\"BreadcrumbList\",\"@id\":\"https:\/\/elbailaor.com\/?page_id=23#breadcrumb\",\"itemListElement\":[{\"@type\":\"ListItem\",\"position\":1,\"name\":\"Portada\",\"item\":\"https:\/\/elbailaor.com\/\"},{\"@type\":\"ListItem\",\"position\":2,\"name\":\"TABLAOS\"}]},{\"@type\":\"WebSite\",\"@id\":\"https:\/\/elbailaor.com\/#website\",\"url\":\"https:\/\/elbailaor.com\/\",\"name\":\"Jes\u00fas Blanco el Bailaor\",\"description\":\"Ser humano - Bailaor - Director\",\"publisher\":{\"@id\":\"https:\/\/elbailaor.com\/#organization\"},\"alternateName\":\"Jes\u00fas Blanco\",\"potentialAction\":[{\"@type\":\"SearchAction\",\"target\":{\"@type\":\"EntryPoint\",\"urlTemplate\":\"https:\/\/elbailaor.com\/?s={search_term_string}\"},\"query-input\":{\"@type\":\"PropertyValueSpecification\",\"valueRequired\":true,\"valueName\":\"search_term_string\"}}],\"inLanguage\":\"es\"},{\"@type\":\"Organization\",\"@id\":\"https:\/\/elbailaor.com\/#organization\",\"name\":\"Jes\u00fas Blanco el Bailaor\",\"alternateName\":\"Jes\u00fas Blanco\",\"url\":\"https:\/\/elbailaor.com\/\",\"logo\":{\"@type\":\"ImageObject\",\"inLanguage\":\"es\",\"@id\":\"https:\/\/elbailaor.com\/#\/schema\/logo\/image\/\",\"url\":\"https:\/\/elbailaor.com\/wp-content\/uploads\/2026\/03\/JB-silueta-negra_200px-e1773247012621.jpg\",\"contentUrl\":\"https:\/\/elbailaor.com\/wp-content\/uploads\/2026\/03\/JB-silueta-negra_200px-e1773247012621.jpg\",\"width\":50,\"height\":50,\"caption\":\"Jes\u00fas Blanco el Bailaor\"},\"image\":{\"@id\":\"https:\/\/elbailaor.com\/#\/schema\/logo\/image\/\"}}]}<\/script>\n<!-- \/ Yoast SEO plugin. -->","yoast_head_json":{"title":"TABLAOS - Jes\u00fas Blanco","robots":{"index":"index","follow":"follow","max-snippet":"max-snippet:-1","max-image-preview":"max-image-preview:large","max-video-preview":"max-video-preview:-1"},"canonical":"https:\/\/elbailaor.com\/?page_id=23","og_locale":"es_ES","og_type":"article","og_title":"TABLAOS - Jes\u00fas Blanco","og_description":"El bailaor y core\u00f3grafo Jes\u00fas Blanco contin\u00faa la b\u00fasqueda infinita de un lenguaje aut\u00e9ntico, arraigado en el flamenco de tablao tradicional, mientras crea sinergias con otros artistas y disciplinas. Un lenguaje que nace de sus&hellip;Continue Reading \"TABLAOS\"","og_url":"https:\/\/elbailaor.com\/?page_id=23","og_site_name":"Jes\u00fas Blanco","article_modified_time":"2026-03-08T19:07:12+00:00","og_image":[{"width":1900,"height":1267,"url":"https:\/\/elbailaor.com\/wp-content\/uploads\/2026\/03\/Jesus-Blanco-Tablao-64-2017.05.10.jpg","type":"image\/jpeg"}],"twitter_card":"summary_large_image","twitter_misc":{"Tiempo de lectura":"1 minuto"},"schema":{"@context":"https:\/\/schema.org","@graph":[{"@type":"WebPage","@id":"https:\/\/elbailaor.com\/?page_id=23","url":"https:\/\/elbailaor.com\/?page_id=23","name":"TABLAOS - Jes\u00fas Blanco","isPartOf":{"@id":"https:\/\/elbailaor.com\/#website"},"primaryImageOfPage":{"@id":"https:\/\/elbailaor.com\/?page_id=23#primaryimage"},"image":{"@id":"https:\/\/elbailaor.com\/?page_id=23#primaryimage"},"thumbnailUrl":"https:\/\/elbailaor.com\/wp-content\/uploads\/2026\/03\/Jesus-Blanco-Tablao-64-2017.05.10.jpg","datePublished":"2026-01-09T18:04:24+00:00","dateModified":"2026-03-08T19:07:12+00:00","breadcrumb":{"@id":"https:\/\/elbailaor.com\/?page_id=23#breadcrumb"},"inLanguage":"es","potentialAction":[{"@type":"ReadAction","target":["https:\/\/elbailaor.com\/?page_id=23"]}]},{"@type":"ImageObject","inLanguage":"es","@id":"https:\/\/elbailaor.com\/?page_id=23#primaryimage","url":"https:\/\/elbailaor.com\/wp-content\/uploads\/2026\/03\/Jesus-Blanco-Tablao-64-2017.05.10.jpg","contentUrl":"https:\/\/elbailaor.com\/wp-content\/uploads\/2026\/03\/Jesus-Blanco-Tablao-64-2017.05.10.jpg","width":1900,"height":1267},{"@type":"BreadcrumbList","@id":"https:\/\/elbailaor.com\/?page_id=23#breadcrumb","itemListElement":[{"@type":"ListItem","position":1,"name":"Portada","item":"https:\/\/elbailaor.com\/"},{"@type":"ListItem","position":2,"name":"TABLAOS"}]},{"@type":"WebSite","@id":"https:\/\/elbailaor.com\/#website","url":"https:\/\/elbailaor.com\/","name":"Jes\u00fas Blanco el Bailaor","description":"Ser humano - Bailaor - Director","publisher":{"@id":"https:\/\/elbailaor.com\/#organization"},"alternateName":"Jes\u00fas Blanco","potentialAction":[{"@type":"SearchAction","target":{"@type":"EntryPoint","urlTemplate":"https:\/\/elbailaor.com\/?s={search_term_string}"},"query-input":{"@type":"PropertyValueSpecification","valueRequired":true,"valueName":"search_term_string"}}],"inLanguage":"es"},{"@type":"Organization","@id":"https:\/\/elbailaor.com\/#organization","name":"Jes\u00fas Blanco el Bailaor","alternateName":"Jes\u00fas Blanco","url":"https:\/\/elbailaor.com\/","logo":{"@type":"ImageObject","inLanguage":"es","@id":"https:\/\/elbailaor.com\/#\/schema\/logo\/image\/","url":"https:\/\/elbailaor.com\/wp-content\/uploads\/2026\/03\/JB-silueta-negra_200px-e1773247012621.jpg","contentUrl":"https:\/\/elbailaor.com\/wp-content\/uploads\/2026\/03\/JB-silueta-negra_200px-e1773247012621.jpg","width":50,"height":50,"caption":"Jes\u00fas Blanco el Bailaor"},"image":{"@id":"https:\/\/elbailaor.com\/#\/schema\/logo\/image\/"}}]}},"jetpack_sharing_enabled":true,"_links":{"self":[{"href":"https:\/\/elbailaor.com\/index.php?rest_route=\/wp\/v2\/pages\/23","targetHints":{"allow":["GET"]}}],"collection":[{"href":"https:\/\/elbailaor.com\/index.php?rest_route=\/wp\/v2\/pages"}],"about":[{"href":"https:\/\/elbailaor.com\/index.php?rest_route=\/wp\/v2\/types\/page"}],"author":[{"embeddable":true,"href":"https:\/\/elbailaor.com\/index.php?rest_route=\/wp\/v2\/users\/2"}],"replies":[{"embeddable":true,"href":"https:\/\/elbailaor.com\/index.php?rest_route=%2Fwp%2Fv2%2Fcomments&post=23"}],"version-history":[{"count":3,"href":"https:\/\/elbailaor.com\/index.php?rest_route=\/wp\/v2\/pages\/23\/revisions"}],"predecessor-version":[{"id":149,"href":"https:\/\/elbailaor.com\/index.php?rest_route=\/wp\/v2\/pages\/23\/revisions\/149"}],"wp:featuredmedia":[{"embeddable":true,"href":"https:\/\/elbailaor.com\/index.php?rest_route=\/wp\/v2\/media\/147"}],"wp:attachment":[{"href":"https:\/\/elbailaor.com\/index.php?rest_route=%2Fwp%2Fv2%2Fmedia&parent=23"}],"curies":[{"name":"wp","href":"https:\/\/api.w.org\/{rel}","templated":true}]}}