{"id":24,"date":"2026-01-09T19:04:43","date_gmt":"2026-01-09T18:04:43","guid":{"rendered":"https:\/\/elbailaor.wordpress.com\/?page_id=23"},"modified":"2026-03-08T20:13:45","modified_gmt":"2026-03-08T19:13:45","slug":"workshops","status":"publish","type":"page","link":"https:\/\/elbailaor.com\/?page_id=24","title":{"rendered":"TALLERES \/ WORKSHOPS"},"content":{"rendered":"\n<div class=\"wp-block-columns is-layout-flex wp-container-core-columns-is-layout-9d6595d7 wp-block-columns-is-layout-flex\">\n<div class=\"wp-block-column is-layout-flow wp-block-column-is-layout-flow\">\n<p>El bailaor y core\u00f3grafo Jes\u00fas Blanco contin\u00faa la b\u00fasqueda infinita de un lenguaje aut\u00e9ntico, arraigado en el flamenco de tablao tradicional, mientras crea sinergias con otros artistas y disciplinas. Un lenguaje que nace de sus ra\u00edces y se eleva hacia la vanguardia a trav\u00e9s de un enfoque conceptual audaz, abrazando el coraz\u00f3n, el espacio y el tiempo.<\/p>\n\n\n\n<p>Baila desde los 8 a\u00f1os. Con 26 a\u00f1os de carrera profesional, Jes\u00fas ha trabajado con personalidades como Mar\u00eda Toledo o Ni\u00f1o de Elche, entre otros.<\/p>\n\n\n\n<p>Jes\u00fas imparte clases desde temprana edad y actualmente y desde hace ya 10 a\u00f1os es maestro formador en el Tablao flamenco La Herrer\u00eda, en Tarragona, Espa\u00f1a. En el ha formado a artistas muy j\u00f3venes y que actualmente est\u00e1n en los mejores tablaos del panorama flamenco. Desde bailaoras hasta cantaores y guitarristas.<\/p>\n\n\n\n<p>Las cualidades de Jes\u00fas como maestro no solo se limitan a la t\u00e9cnica y estructura, sino que va mas all\u00e1, se centra en el interior y en los secretos que no se suelen compartir en el mundo del flamenco. Definitivamente, estudiar con Jes\u00fas Blanco es una experiencia diferente y que no pasa desapercibida para aquel que tiene la oportunidad de vivirlo.<\/p>\n\n\n\n<div class=\"wp-block-buttons is-content-justification-center is-layout-flex wp-container-core-buttons-is-layout-16018d1d wp-block-buttons-is-layout-flex\">\n<div class=\"wp-block-button\"><a class=\"wp-block-button__link wp-element-button\" href=\"https:\/\/elbailaor.com\/contactar\/\">SOLICITA M\u00c1S INFORMACI\u00d3N<\/a><\/div>\n<\/div>\n<\/div>\n<\/div>\n\n\n\n<figure class=\"wp-block-image size-large\"><img fetchpriority=\"high\" decoding=\"async\" width=\"1024\" height=\"682\" src=\"https:\/\/elbailaor.com\/wp-content\/uploads\/2026\/03\/7eb7b028-a3dd-4e46-bf15-cb71ae65e3a4-1024x682.jpg\" alt=\"\" class=\"wp-image-150\" srcset=\"https:\/\/elbailaor.com\/wp-content\/uploads\/2026\/03\/7eb7b028-a3dd-4e46-bf15-cb71ae65e3a4-1024x682.jpg 1024w, https:\/\/elbailaor.com\/wp-content\/uploads\/2026\/03\/7eb7b028-a3dd-4e46-bf15-cb71ae65e3a4-300x200.jpg 300w, https:\/\/elbailaor.com\/wp-content\/uploads\/2026\/03\/7eb7b028-a3dd-4e46-bf15-cb71ae65e3a4-768x512.jpg 768w, https:\/\/elbailaor.com\/wp-content\/uploads\/2026\/03\/7eb7b028-a3dd-4e46-bf15-cb71ae65e3a4-1536x1023.jpg 1536w, https:\/\/elbailaor.com\/wp-content\/uploads\/2026\/03\/7eb7b028-a3dd-4e46-bf15-cb71ae65e3a4.jpg 1600w\" sizes=\"(max-width: 1024px) 100vw, 1024px\" \/><\/figure>\n","protected":false},"excerpt":{"rendered":"<p>El bailaor y core\u00f3grafo Jes\u00fas Blanco contin\u00faa la b\u00fasqueda infinita de un lenguaje aut\u00e9ntico, arraigado en el flamenco de tablao tradicional, mientras crea sinergias con otros artistas y disciplinas. Un lenguaje que nace de sus&hellip;<\/p>\n<p class=\"more-link-wrapper\"><a href=\"https:\/\/elbailaor.com\/?page_id=24\" class=\"more-link\">Continue Reading<span class=\"screen-reader-text\"> \u00abTALLERES \/ WORKSHOPS\u00bb<\/span><\/a><\/p>\n","protected":false},"author":2,"featured_media":101,"parent":0,"menu_order":4,"comment_status":"closed","ping_status":"closed","template":"","meta":{"footnotes":""},"class_list":["post-24","page","type-page","status-publish","has-post-thumbnail","hentry"],"yoast_head":"<!-- This site is optimized with the Yoast SEO plugin v27.1.1 - https:\/\/yoast.com\/product\/yoast-seo-wordpress\/ -->\n<title>TALLERES \/ WORKSHOPS - Jes\u00fas Blanco<\/title>\n<meta name=\"robots\" content=\"index, follow, max-snippet:-1, max-image-preview:large, max-video-preview:-1\" \/>\n<link rel=\"canonical\" href=\"https:\/\/elbailaor.com\/?page_id=24\" \/>\n<meta property=\"og:locale\" content=\"es_ES\" \/>\n<meta property=\"og:type\" content=\"article\" \/>\n<meta property=\"og:title\" content=\"TALLERES \/ WORKSHOPS - Jes\u00fas Blanco\" \/>\n<meta property=\"og:description\" content=\"El bailaor y core\u00f3grafo Jes\u00fas Blanco contin\u00faa la b\u00fasqueda infinita de un lenguaje aut\u00e9ntico, arraigado en el flamenco de tablao tradicional, mientras crea sinergias con otros artistas y disciplinas. Un lenguaje que nace de sus&hellip;Continue Reading &quot;TALLERES \/ WORKSHOPS&quot;\" \/>\n<meta property=\"og:url\" content=\"https:\/\/elbailaor.com\/?page_id=24\" \/>\n<meta property=\"og:site_name\" content=\"Jes\u00fas Blanco\" \/>\n<meta property=\"article:modified_time\" content=\"2026-03-08T19:13:45+00:00\" \/>\n<meta property=\"og:image\" content=\"https:\/\/elbailaor.com\/wp-content\/uploads\/2026\/03\/captura-de-pantalla_28-2-2026_225836_www.canva_.com_.jpeg\" \/>\n\t<meta property=\"og:image:width\" content=\"1224\" \/>\n\t<meta property=\"og:image:height\" content=\"771\" \/>\n\t<meta property=\"og:image:type\" content=\"image\/jpeg\" \/>\n<meta name=\"twitter:card\" content=\"summary_large_image\" \/>\n<meta name=\"twitter:label1\" content=\"Tiempo de lectura\" \/>\n\t<meta name=\"twitter:data1\" content=\"1 minuto\" \/>\n<script type=\"application\/ld+json\" class=\"yoast-schema-graph\">{\"@context\":\"https:\/\/schema.org\",\"@graph\":[{\"@type\":\"WebPage\",\"@id\":\"https:\/\/elbailaor.com\/?page_id=24\",\"url\":\"https:\/\/elbailaor.com\/?page_id=24\",\"name\":\"TALLERES \/ WORKSHOPS - Jes\u00fas Blanco\",\"isPartOf\":{\"@id\":\"https:\/\/elbailaor.com\/#website\"},\"primaryImageOfPage\":{\"@id\":\"https:\/\/elbailaor.com\/?page_id=24#primaryimage\"},\"image\":{\"@id\":\"https:\/\/elbailaor.com\/?page_id=24#primaryimage\"},\"thumbnailUrl\":\"https:\/\/elbailaor.com\/wp-content\/uploads\/2026\/03\/captura-de-pantalla_28-2-2026_225836_www.canva_.com_.jpeg\",\"datePublished\":\"2026-01-09T18:04:43+00:00\",\"dateModified\":\"2026-03-08T19:13:45+00:00\",\"breadcrumb\":{\"@id\":\"https:\/\/elbailaor.com\/?page_id=24#breadcrumb\"},\"inLanguage\":\"es\",\"potentialAction\":[{\"@type\":\"ReadAction\",\"target\":[\"https:\/\/elbailaor.com\/?page_id=24\"]}]},{\"@type\":\"ImageObject\",\"inLanguage\":\"es\",\"@id\":\"https:\/\/elbailaor.com\/?page_id=24#primaryimage\",\"url\":\"https:\/\/elbailaor.com\/wp-content\/uploads\/2026\/03\/captura-de-pantalla_28-2-2026_225836_www.canva_.com_.jpeg\",\"contentUrl\":\"https:\/\/elbailaor.com\/wp-content\/uploads\/2026\/03\/captura-de-pantalla_28-2-2026_225836_www.canva_.com_.jpeg\",\"width\":1224,\"height\":771},{\"@type\":\"BreadcrumbList\",\"@id\":\"https:\/\/elbailaor.com\/?page_id=24#breadcrumb\",\"itemListElement\":[{\"@type\":\"ListItem\",\"position\":1,\"name\":\"Portada\",\"item\":\"https:\/\/elbailaor.com\/\"},{\"@type\":\"ListItem\",\"position\":2,\"name\":\"TALLERES \/ WORKSHOPS\"}]},{\"@type\":\"WebSite\",\"@id\":\"https:\/\/elbailaor.com\/#website\",\"url\":\"https:\/\/elbailaor.com\/\",\"name\":\"Jes\u00fas Blanco el Bailaor\",\"description\":\"Ser humano - Bailaor - Director\",\"publisher\":{\"@id\":\"https:\/\/elbailaor.com\/#organization\"},\"alternateName\":\"Jes\u00fas Blanco\",\"potentialAction\":[{\"@type\":\"SearchAction\",\"target\":{\"@type\":\"EntryPoint\",\"urlTemplate\":\"https:\/\/elbailaor.com\/?s={search_term_string}\"},\"query-input\":{\"@type\":\"PropertyValueSpecification\",\"valueRequired\":true,\"valueName\":\"search_term_string\"}}],\"inLanguage\":\"es\"},{\"@type\":\"Organization\",\"@id\":\"https:\/\/elbailaor.com\/#organization\",\"name\":\"Jes\u00fas Blanco el Bailaor\",\"alternateName\":\"Jes\u00fas Blanco\",\"url\":\"https:\/\/elbailaor.com\/\",\"logo\":{\"@type\":\"ImageObject\",\"inLanguage\":\"es\",\"@id\":\"https:\/\/elbailaor.com\/#\/schema\/logo\/image\/\",\"url\":\"https:\/\/elbailaor.com\/wp-content\/uploads\/2026\/03\/JB-silueta-negra_200px-e1773247012621.jpg\",\"contentUrl\":\"https:\/\/elbailaor.com\/wp-content\/uploads\/2026\/03\/JB-silueta-negra_200px-e1773247012621.jpg\",\"width\":50,\"height\":50,\"caption\":\"Jes\u00fas Blanco el Bailaor\"},\"image\":{\"@id\":\"https:\/\/elbailaor.com\/#\/schema\/logo\/image\/\"}}]}<\/script>\n<!-- \/ Yoast SEO plugin. -->","yoast_head_json":{"title":"TALLERES \/ WORKSHOPS - Jes\u00fas Blanco","robots":{"index":"index","follow":"follow","max-snippet":"max-snippet:-1","max-image-preview":"max-image-preview:large","max-video-preview":"max-video-preview:-1"},"canonical":"https:\/\/elbailaor.com\/?page_id=24","og_locale":"es_ES","og_type":"article","og_title":"TALLERES \/ WORKSHOPS - Jes\u00fas Blanco","og_description":"El bailaor y core\u00f3grafo Jes\u00fas Blanco contin\u00faa la b\u00fasqueda infinita de un lenguaje aut\u00e9ntico, arraigado en el flamenco de tablao tradicional, mientras crea sinergias con otros artistas y disciplinas. Un lenguaje que nace de sus&hellip;Continue Reading \"TALLERES \/ WORKSHOPS\"","og_url":"https:\/\/elbailaor.com\/?page_id=24","og_site_name":"Jes\u00fas Blanco","article_modified_time":"2026-03-08T19:13:45+00:00","og_image":[{"width":1224,"height":771,"url":"https:\/\/elbailaor.com\/wp-content\/uploads\/2026\/03\/captura-de-pantalla_28-2-2026_225836_www.canva_.com_.jpeg","type":"image\/jpeg"}],"twitter_card":"summary_large_image","twitter_misc":{"Tiempo de lectura":"1 minuto"},"schema":{"@context":"https:\/\/schema.org","@graph":[{"@type":"WebPage","@id":"https:\/\/elbailaor.com\/?page_id=24","url":"https:\/\/elbailaor.com\/?page_id=24","name":"TALLERES \/ WORKSHOPS - Jes\u00fas Blanco","isPartOf":{"@id":"https:\/\/elbailaor.com\/#website"},"primaryImageOfPage":{"@id":"https:\/\/elbailaor.com\/?page_id=24#primaryimage"},"image":{"@id":"https:\/\/elbailaor.com\/?page_id=24#primaryimage"},"thumbnailUrl":"https:\/\/elbailaor.com\/wp-content\/uploads\/2026\/03\/captura-de-pantalla_28-2-2026_225836_www.canva_.com_.jpeg","datePublished":"2026-01-09T18:04:43+00:00","dateModified":"2026-03-08T19:13:45+00:00","breadcrumb":{"@id":"https:\/\/elbailaor.com\/?page_id=24#breadcrumb"},"inLanguage":"es","potentialAction":[{"@type":"ReadAction","target":["https:\/\/elbailaor.com\/?page_id=24"]}]},{"@type":"ImageObject","inLanguage":"es","@id":"https:\/\/elbailaor.com\/?page_id=24#primaryimage","url":"https:\/\/elbailaor.com\/wp-content\/uploads\/2026\/03\/captura-de-pantalla_28-2-2026_225836_www.canva_.com_.jpeg","contentUrl":"https:\/\/elbailaor.com\/wp-content\/uploads\/2026\/03\/captura-de-pantalla_28-2-2026_225836_www.canva_.com_.jpeg","width":1224,"height":771},{"@type":"BreadcrumbList","@id":"https:\/\/elbailaor.com\/?page_id=24#breadcrumb","itemListElement":[{"@type":"ListItem","position":1,"name":"Portada","item":"https:\/\/elbailaor.com\/"},{"@type":"ListItem","position":2,"name":"TALLERES \/ WORKSHOPS"}]},{"@type":"WebSite","@id":"https:\/\/elbailaor.com\/#website","url":"https:\/\/elbailaor.com\/","name":"Jes\u00fas Blanco el Bailaor","description":"Ser humano - Bailaor - Director","publisher":{"@id":"https:\/\/elbailaor.com\/#organization"},"alternateName":"Jes\u00fas Blanco","potentialAction":[{"@type":"SearchAction","target":{"@type":"EntryPoint","urlTemplate":"https:\/\/elbailaor.com\/?s={search_term_string}"},"query-input":{"@type":"PropertyValueSpecification","valueRequired":true,"valueName":"search_term_string"}}],"inLanguage":"es"},{"@type":"Organization","@id":"https:\/\/elbailaor.com\/#organization","name":"Jes\u00fas Blanco el Bailaor","alternateName":"Jes\u00fas Blanco","url":"https:\/\/elbailaor.com\/","logo":{"@type":"ImageObject","inLanguage":"es","@id":"https:\/\/elbailaor.com\/#\/schema\/logo\/image\/","url":"https:\/\/elbailaor.com\/wp-content\/uploads\/2026\/03\/JB-silueta-negra_200px-e1773247012621.jpg","contentUrl":"https:\/\/elbailaor.com\/wp-content\/uploads\/2026\/03\/JB-silueta-negra_200px-e1773247012621.jpg","width":50,"height":50,"caption":"Jes\u00fas Blanco el Bailaor"},"image":{"@id":"https:\/\/elbailaor.com\/#\/schema\/logo\/image\/"}}]}},"jetpack_sharing_enabled":true,"_links":{"self":[{"href":"https:\/\/elbailaor.com\/index.php?rest_route=\/wp\/v2\/pages\/24","targetHints":{"allow":["GET"]}}],"collection":[{"href":"https:\/\/elbailaor.com\/index.php?rest_route=\/wp\/v2\/pages"}],"about":[{"href":"https:\/\/elbailaor.com\/index.php?rest_route=\/wp\/v2\/types\/page"}],"author":[{"embeddable":true,"href":"https:\/\/elbailaor.com\/index.php?rest_route=\/wp\/v2\/users\/2"}],"replies":[{"embeddable":true,"href":"https:\/\/elbailaor.com\/index.php?rest_route=%2Fwp%2Fv2%2Fcomments&post=24"}],"version-history":[{"count":5,"href":"https:\/\/elbailaor.com\/index.php?rest_route=\/wp\/v2\/pages\/24\/revisions"}],"predecessor-version":[{"id":155,"href":"https:\/\/elbailaor.com\/index.php?rest_route=\/wp\/v2\/pages\/24\/revisions\/155"}],"wp:featuredmedia":[{"embeddable":true,"href":"https:\/\/elbailaor.com\/index.php?rest_route=\/wp\/v2\/media\/101"}],"wp:attachment":[{"href":"https:\/\/elbailaor.com\/index.php?rest_route=%2Fwp%2Fv2%2Fmedia&parent=24"}],"curies":[{"name":"wp","href":"https:\/\/api.w.org\/{rel}","templated":true}]}}