{"id":51,"date":"2026-01-09T19:45:44","date_gmt":"2026-01-09T18:45:44","guid":{"rendered":"https:\/\/elbailaor.wordpress.com\/?page_id=51"},"modified":"2026-01-09T19:45:44","modified_gmt":"2026-01-09T18:45:44","slug":"kintsugi","status":"publish","type":"page","link":"https:\/\/elbailaor.com\/?page_id=51","title":{"rendered":"Kintsugi"},"content":{"rendered":"\n<div class=\"wp-block-columns is-layout-flex wp-container-core-columns-is-layout-9d6595d7 wp-block-columns-is-layout-flex\">\n<div class=\"wp-block-column is-layout-flow wp-block-column-is-layout-flow\">\n<p><strong>KINTSUGI&nbsp;<\/strong>es una t\u00e9cnica de origen japon\u00e9s para arreglar fracturas de la cer\u00e1mica con barniz de resina con p\u00f3lvora o mezclado con polvo de oro, plata o platino.<br>Forma parte de una filosof\u00eda que plantea que las roturas y reparaciones son parte de la historia de un objeto, y que deben mostrarse en lugar de ocultarse, y adem\u00e1s hacerlo para embellecer el objeto, poniendo de manifiesto su transformaci\u00f3n e historia.<\/p>\n\n\n\n<p><strong>Durada<br><\/strong>70 min<\/p>\n<\/div>\n\n\n\n<div class=\"wp-block-column is-layout-flow wp-block-column-is-layout-flow\">\n<p><strong>KINTSUGI<\/strong>&nbsp;es una met\u00e1fora del camino de la vida. Amor, desamor, dolor, alegr\u00eda, esfuerzo, roturas, resurgir, etc.<br>Este espect\u00e1culo consigue una fusi\u00f3n natural entre el baile Flamenco, la danza Butoh y m\u00fasica Electr\u00f3nica en directo, consiguiendo una propuesta tan personal<br>y atrevida como in\u00e9dita y emocionante, donde el espectador no quedar\u00e1 indiferente.<\/p>\n\n\n\n<p><strong>Ficha art\u00edstica<br><\/strong>Bailaor:&nbsp;Jes\u00fas Blanco<br>Electr\u00f3nica:&nbsp;Gerard Marsa<\/p>\n<\/div>\n<\/div>\n\n\n\n<figure class=\"wp-block-embed is-type-video is-provider-youtube wp-block-embed-youtube wp-embed-aspect-16-9 wp-has-aspect-ratio\"><div class=\"wp-block-embed__wrapper\">\n<iframe title=\"Jes\u00fas Blanco - KINTSUGI\" width=\"925\" height=\"520\" src=\"https:\/\/www.youtube.com\/embed\/videoseries?list=PLgzGq1r7luxZm24m9um91j1AWboD6wQ8C\" frameborder=\"0\" allow=\"accelerometer; autoplay; clipboard-write; encrypted-media; gyroscope; picture-in-picture; web-share\" referrerpolicy=\"strict-origin-when-cross-origin\" allowfullscreen><\/iframe>\n<\/div><\/figure>\n","protected":false},"excerpt":{"rendered":"<p>KINTSUGI&nbsp;es una t\u00e9cnica de origen japon\u00e9s para arreglar fracturas de la cer\u00e1mica con barniz de resina con p\u00f3lvora o mezclado con polvo de oro, plata o platino.Forma parte de una filosof\u00eda que plantea que las&hellip;<\/p>\n<p class=\"more-link-wrapper\"><a href=\"https:\/\/elbailaor.com\/?page_id=51\" class=\"more-link\">Continue Reading<span class=\"screen-reader-text\"> \u00abKintsugi\u00bb<\/span><\/a><\/p>\n","protected":false},"author":2,"featured_media":61,"parent":26,"menu_order":0,"comment_status":"closed","ping_status":"closed","template":"","meta":{"footnotes":""},"class_list":["post-51","page","type-page","status-publish","has-post-thumbnail","hentry"],"yoast_head":"<!-- This site is optimized with the Yoast SEO plugin v27.1.1 - https:\/\/yoast.com\/product\/yoast-seo-wordpress\/ -->\n<title>Kintsugi - Jes\u00fas Blanco<\/title>\n<meta name=\"robots\" content=\"index, follow, max-snippet:-1, max-image-preview:large, max-video-preview:-1\" \/>\n<link rel=\"canonical\" href=\"https:\/\/elbailaor.com\/?page_id=51\" \/>\n<meta property=\"og:locale\" content=\"es_ES\" \/>\n<meta property=\"og:type\" content=\"article\" \/>\n<meta property=\"og:title\" content=\"Kintsugi - Jes\u00fas Blanco\" \/>\n<meta property=\"og:description\" content=\"KINTSUGI&nbsp;es una t\u00e9cnica de origen japon\u00e9s para arreglar fracturas de la cer\u00e1mica con barniz de resina con p\u00f3lvora o mezclado con polvo de oro, plata o platino.Forma parte de una filosof\u00eda que plantea que las&hellip;Continue Reading &quot;Kintsugi&quot;\" \/>\n<meta property=\"og:url\" content=\"https:\/\/elbailaor.com\/?page_id=51\" \/>\n<meta property=\"og:site_name\" content=\"Jes\u00fas Blanco\" \/>\n<meta property=\"og:image\" content=\"https:\/\/elbailaor.com\/wp-content\/uploads\/2026\/03\/jesus_blanco_tablaos.jpg\" \/>\n\t<meta property=\"og:image:width\" content=\"1920\" \/>\n\t<meta property=\"og:image:height\" content=\"1280\" \/>\n\t<meta property=\"og:image:type\" content=\"image\/jpeg\" \/>\n<meta name=\"twitter:card\" content=\"summary_large_image\" \/>\n<meta name=\"twitter:label1\" content=\"Tiempo de lectura\" \/>\n\t<meta name=\"twitter:data1\" content=\"1 minuto\" \/>\n<script type=\"application\/ld+json\" class=\"yoast-schema-graph\">{\"@context\":\"https:\/\/schema.org\",\"@graph\":[{\"@type\":\"WebPage\",\"@id\":\"https:\/\/elbailaor.com\/?page_id=51\",\"url\":\"https:\/\/elbailaor.com\/?page_id=51\",\"name\":\"Kintsugi - Jes\u00fas Blanco\",\"isPartOf\":{\"@id\":\"https:\/\/elbailaor.com\/#website\"},\"primaryImageOfPage\":{\"@id\":\"https:\/\/elbailaor.com\/?page_id=51#primaryimage\"},\"image\":{\"@id\":\"https:\/\/elbailaor.com\/?page_id=51#primaryimage\"},\"thumbnailUrl\":\"\",\"datePublished\":\"2026-01-09T18:45:44+00:00\",\"breadcrumb\":{\"@id\":\"https:\/\/elbailaor.com\/?page_id=51#breadcrumb\"},\"inLanguage\":\"es\",\"potentialAction\":[{\"@type\":\"ReadAction\",\"target\":[\"https:\/\/elbailaor.com\/?page_id=51\"]}]},{\"@type\":\"ImageObject\",\"inLanguage\":\"es\",\"@id\":\"https:\/\/elbailaor.com\/?page_id=51#primaryimage\",\"url\":\"\",\"contentUrl\":\"\"},{\"@type\":\"BreadcrumbList\",\"@id\":\"https:\/\/elbailaor.com\/?page_id=51#breadcrumb\",\"itemListElement\":[{\"@type\":\"ListItem\",\"position\":1,\"name\":\"Portada\",\"item\":\"https:\/\/elbailaor.com\/\"},{\"@type\":\"ListItem\",\"position\":2,\"name\":\"ESPECT\u00c1CULOS\",\"item\":\"https:\/\/elbailaor.com\/?page_id=26\"},{\"@type\":\"ListItem\",\"position\":3,\"name\":\"Kintsugi\"}]},{\"@type\":\"WebSite\",\"@id\":\"https:\/\/elbailaor.com\/#website\",\"url\":\"https:\/\/elbailaor.com\/\",\"name\":\"Jes\u00fas Blanco el Bailaor\",\"description\":\"Ser humano - Bailaor - Director\",\"publisher\":{\"@id\":\"https:\/\/elbailaor.com\/#organization\"},\"alternateName\":\"Jes\u00fas Blanco\",\"potentialAction\":[{\"@type\":\"SearchAction\",\"target\":{\"@type\":\"EntryPoint\",\"urlTemplate\":\"https:\/\/elbailaor.com\/?s={search_term_string}\"},\"query-input\":{\"@type\":\"PropertyValueSpecification\",\"valueRequired\":true,\"valueName\":\"search_term_string\"}}],\"inLanguage\":\"es\"},{\"@type\":\"Organization\",\"@id\":\"https:\/\/elbailaor.com\/#organization\",\"name\":\"Jes\u00fas Blanco el Bailaor\",\"alternateName\":\"Jes\u00fas Blanco\",\"url\":\"https:\/\/elbailaor.com\/\",\"logo\":{\"@type\":\"ImageObject\",\"inLanguage\":\"es\",\"@id\":\"https:\/\/elbailaor.com\/#\/schema\/logo\/image\/\",\"url\":\"https:\/\/elbailaor.com\/wp-content\/uploads\/2026\/03\/JB-silueta-negra_200px-e1773247012621.jpg\",\"contentUrl\":\"https:\/\/elbailaor.com\/wp-content\/uploads\/2026\/03\/JB-silueta-negra_200px-e1773247012621.jpg\",\"width\":50,\"height\":50,\"caption\":\"Jes\u00fas Blanco el Bailaor\"},\"image\":{\"@id\":\"https:\/\/elbailaor.com\/#\/schema\/logo\/image\/\"}}]}<\/script>\n<!-- \/ Yoast SEO plugin. -->","yoast_head_json":{"title":"Kintsugi - Jes\u00fas Blanco","robots":{"index":"index","follow":"follow","max-snippet":"max-snippet:-1","max-image-preview":"max-image-preview:large","max-video-preview":"max-video-preview:-1"},"canonical":"https:\/\/elbailaor.com\/?page_id=51","og_locale":"es_ES","og_type":"article","og_title":"Kintsugi - Jes\u00fas Blanco","og_description":"KINTSUGI&nbsp;es una t\u00e9cnica de origen japon\u00e9s para arreglar fracturas de la cer\u00e1mica con barniz de resina con p\u00f3lvora o mezclado con polvo de oro, plata o platino.Forma parte de una filosof\u00eda que plantea que las&hellip;Continue Reading \"Kintsugi\"","og_url":"https:\/\/elbailaor.com\/?page_id=51","og_site_name":"Jes\u00fas Blanco","og_image":[{"width":1920,"height":1280,"url":"https:\/\/elbailaor.com\/wp-content\/uploads\/2026\/03\/jesus_blanco_tablaos.jpg","type":"image\/jpeg"}],"twitter_card":"summary_large_image","twitter_misc":{"Tiempo de lectura":"1 minuto"},"schema":{"@context":"https:\/\/schema.org","@graph":[{"@type":"WebPage","@id":"https:\/\/elbailaor.com\/?page_id=51","url":"https:\/\/elbailaor.com\/?page_id=51","name":"Kintsugi - Jes\u00fas Blanco","isPartOf":{"@id":"https:\/\/elbailaor.com\/#website"},"primaryImageOfPage":{"@id":"https:\/\/elbailaor.com\/?page_id=51#primaryimage"},"image":{"@id":"https:\/\/elbailaor.com\/?page_id=51#primaryimage"},"thumbnailUrl":"","datePublished":"2026-01-09T18:45:44+00:00","breadcrumb":{"@id":"https:\/\/elbailaor.com\/?page_id=51#breadcrumb"},"inLanguage":"es","potentialAction":[{"@type":"ReadAction","target":["https:\/\/elbailaor.com\/?page_id=51"]}]},{"@type":"ImageObject","inLanguage":"es","@id":"https:\/\/elbailaor.com\/?page_id=51#primaryimage","url":"","contentUrl":""},{"@type":"BreadcrumbList","@id":"https:\/\/elbailaor.com\/?page_id=51#breadcrumb","itemListElement":[{"@type":"ListItem","position":1,"name":"Portada","item":"https:\/\/elbailaor.com\/"},{"@type":"ListItem","position":2,"name":"ESPECT\u00c1CULOS","item":"https:\/\/elbailaor.com\/?page_id=26"},{"@type":"ListItem","position":3,"name":"Kintsugi"}]},{"@type":"WebSite","@id":"https:\/\/elbailaor.com\/#website","url":"https:\/\/elbailaor.com\/","name":"Jes\u00fas Blanco el Bailaor","description":"Ser humano - Bailaor - Director","publisher":{"@id":"https:\/\/elbailaor.com\/#organization"},"alternateName":"Jes\u00fas Blanco","potentialAction":[{"@type":"SearchAction","target":{"@type":"EntryPoint","urlTemplate":"https:\/\/elbailaor.com\/?s={search_term_string}"},"query-input":{"@type":"PropertyValueSpecification","valueRequired":true,"valueName":"search_term_string"}}],"inLanguage":"es"},{"@type":"Organization","@id":"https:\/\/elbailaor.com\/#organization","name":"Jes\u00fas Blanco el Bailaor","alternateName":"Jes\u00fas Blanco","url":"https:\/\/elbailaor.com\/","logo":{"@type":"ImageObject","inLanguage":"es","@id":"https:\/\/elbailaor.com\/#\/schema\/logo\/image\/","url":"https:\/\/elbailaor.com\/wp-content\/uploads\/2026\/03\/JB-silueta-negra_200px-e1773247012621.jpg","contentUrl":"https:\/\/elbailaor.com\/wp-content\/uploads\/2026\/03\/JB-silueta-negra_200px-e1773247012621.jpg","width":50,"height":50,"caption":"Jes\u00fas Blanco el Bailaor"},"image":{"@id":"https:\/\/elbailaor.com\/#\/schema\/logo\/image\/"}}]}},"jetpack_sharing_enabled":true,"_links":{"self":[{"href":"https:\/\/elbailaor.com\/index.php?rest_route=\/wp\/v2\/pages\/51","targetHints":{"allow":["GET"]}}],"collection":[{"href":"https:\/\/elbailaor.com\/index.php?rest_route=\/wp\/v2\/pages"}],"about":[{"href":"https:\/\/elbailaor.com\/index.php?rest_route=\/wp\/v2\/types\/page"}],"author":[{"embeddable":true,"href":"https:\/\/elbailaor.com\/index.php?rest_route=\/wp\/v2\/users\/2"}],"replies":[{"embeddable":true,"href":"https:\/\/elbailaor.com\/index.php?rest_route=%2Fwp%2Fv2%2Fcomments&post=51"}],"version-history":[{"count":0,"href":"https:\/\/elbailaor.com\/index.php?rest_route=\/wp\/v2\/pages\/51\/revisions"}],"up":[{"embeddable":true,"href":"https:\/\/elbailaor.com\/index.php?rest_route=\/wp\/v2\/pages\/26"}],"wp:featuredmedia":[{"embeddable":true,"href":"https:\/\/elbailaor.com\/index.php?rest_route=\/"}],"wp:attachment":[{"href":"https:\/\/elbailaor.com\/index.php?rest_route=%2Fwp%2Fv2%2Fmedia&parent=51"}],"curies":[{"name":"wp","href":"https:\/\/api.w.org\/{rel}","templated":true}]}}