{"id":74,"date":"2026-02-28T22:09:13","date_gmt":"2026-02-28T21:09:13","guid":{"rendered":"https:\/\/elbailaor.wordpress.com\/?page_id=74"},"modified":"2026-03-11T10:10:19","modified_gmt":"2026-03-11T09:10:19","slug":"solea-y-jaleo-por-lorca","status":"publish","type":"page","link":"https:\/\/elbailaor.com\/?page_id=74","title":{"rendered":"Sole\u00e1 y Jaleo por Lorca"},"content":{"rendered":"\n<div class=\"wp-block-columns is-layout-flex wp-container-core-columns-is-layout-9d6595d7 wp-block-columns-is-layout-flex\">\n<div class=\"wp-block-column is-layout-flow wp-block-column-is-layout-flow\">\n<p>Homenaje a Lorca.<\/p>\n\n\n\n<p>Muri\u00f3 hace 90 a\u00f1os,<br>pero no desvaneci\u00f3,<br>y le hacemos presente.<\/p>\n\n\n\n<p>Espect\u00e1culo de flamenco contempor\u00e1neo,<br>inspirado y dedicado a Federico Garc\u00eda Lorca.<\/p>\n\n\n\n<p>Ideado para realizarse<br>en espacios populares y monumentos,<br>asemejando el recuerdo de Lorca<br>a patrimonio cultural inmaterial,<br>como lo es el flamenco.<\/p>\n\n\n\n<p>Acercando la cultura a todos los p\u00fablicos.<\/p>\n\n\n\n<p><span style=\"text-decoration: underline\"><strong>Durada: 20 minutos<\/strong><br><\/span>Bailaor y guitarra<\/p>\n<\/div>\n\n\n\n<div class=\"wp-block-column is-layout-flow wp-block-column-is-layout-flow\">\n<p><strong><span style=\"text-decoration: underline\">PROGRAMA<\/span><\/strong><\/p>\n\n\n\n<p>La pieza abre con una grana\u00edna,<br>haciendo referencia a la ciudad natal de Lorca.<\/p>\n\n\n\n<p>Le siguen las \u00abMorillas de Ja\u00e9n\u00bb,<br>un pasaje representativo de sus salida de Granada.<\/p>\n\n\n\n<p>La soledad que sentimos por su falta,<br>lo hu\u00e9rfanos que nos dej\u00f3, viene a ritmo de Sole\u00e1, y con la escobilla cl\u00e1sica conducimos al viaje que desemboca en los jaleos.<\/p>\n\n\n\n<p>Jaleos Extreme\u00f1os<br>y finalizando con \u00abanda jaleo\u00bb,<br>representamos el agradecimiento hacia Federico por todo lo que nos dej\u00f3 y nos sigue dejando.<\/p>\n<\/div>\n<\/div>\n\n\n\n<figure class=\"wp-block-embed is-type-video is-provider-youtube wp-block-embed-youtube wp-embed-aspect-16-9 wp-has-aspect-ratio\"><div class=\"wp-block-embed__wrapper\">\n<iframe title=\"SOLE\u00c1 Y JALEO POR LORCA, de Jes\u00fas Blanco (Tr\u00e1iler)\" width=\"925\" height=\"520\" src=\"https:\/\/www.youtube.com\/embed\/pYewbUzWSuA?feature=oembed\" frameborder=\"0\" allow=\"accelerometer; autoplay; clipboard-write; encrypted-media; gyroscope; picture-in-picture; web-share\" referrerpolicy=\"strict-origin-when-cross-origin\" allowfullscreen><\/iframe>\n<\/div><\/figure>\n\n\n\n<ul class=\"wp-block-list\">\n<li><a href=\"https:\/\/www.diaridetarragona.com\/cultura\/arte\/253714\/jesus-blanco-lorca.html\" target=\"_blank\" rel=\"noreferrer noopener\">Art\u00edculo \u00abJes\u00fas Blanco&#8230; por Lorca\u00bb en El Diari de Tarragona<\/a><\/li>\n<\/ul>\n\n\n\n<figure class=\"wp-block-image size-large\"><img fetchpriority=\"high\" decoding=\"async\" width=\"1024\" height=\"681\" src=\"https:\/\/elbailaor.com\/wp-content\/uploads\/2026\/03\/jesus_blanco_solea_y_jaleo_por_lorca-66-1024x681.jpg\" alt=\"\" class=\"wp-image-97\" srcset=\"https:\/\/elbailaor.com\/wp-content\/uploads\/2026\/03\/jesus_blanco_solea_y_jaleo_por_lorca-66-1024x681.jpg 1024w, https:\/\/elbailaor.com\/wp-content\/uploads\/2026\/03\/jesus_blanco_solea_y_jaleo_por_lorca-66-300x200.jpg 300w, https:\/\/elbailaor.com\/wp-content\/uploads\/2026\/03\/jesus_blanco_solea_y_jaleo_por_lorca-66-768x511.jpg 768w, https:\/\/elbailaor.com\/wp-content\/uploads\/2026\/03\/jesus_blanco_solea_y_jaleo_por_lorca-66.jpg 1512w\" sizes=\"(max-width: 1024px) 100vw, 1024px\" \/><\/figure>\n\n\n\n<p><\/p>\n","protected":false},"excerpt":{"rendered":"<p>Homenaje a Lorca. Muri\u00f3 hace 90 a\u00f1os,pero no desvaneci\u00f3,y le hacemos presente. Espect\u00e1culo de flamenco contempor\u00e1neo,inspirado y dedicado a Federico Garc\u00eda Lorca. Ideado para realizarseen espacios populares y monumentos,asemejando el recuerdo de Lorcaa patrimonio cultural&hellip;<\/p>\n<p class=\"more-link-wrapper\"><a href=\"https:\/\/elbailaor.com\/?page_id=74\" class=\"more-link\">Continue Reading<span class=\"screen-reader-text\"> \u00abSole\u00e1 y Jaleo por Lorca\u00bb<\/span><\/a><\/p>\n","protected":false},"author":2,"featured_media":105,"parent":26,"menu_order":0,"comment_status":"closed","ping_status":"closed","template":"","meta":{"footnotes":""},"class_list":["post-74","page","type-page","status-publish","has-post-thumbnail","hentry"],"yoast_head":"<!-- This site is optimized with the Yoast SEO plugin v27.1.1 - https:\/\/yoast.com\/product\/yoast-seo-wordpress\/ -->\n<title>Sole\u00e1 y Jaleo por Lorca - Jes\u00fas Blanco<\/title>\n<meta name=\"robots\" content=\"index, follow, max-snippet:-1, max-image-preview:large, max-video-preview:-1\" \/>\n<link rel=\"canonical\" href=\"https:\/\/elbailaor.com\/?page_id=74\" \/>\n<meta property=\"og:locale\" content=\"es_ES\" \/>\n<meta property=\"og:type\" content=\"article\" \/>\n<meta property=\"og:title\" content=\"Sole\u00e1 y Jaleo por Lorca - Jes\u00fas Blanco\" \/>\n<meta property=\"og:description\" content=\"Homenaje a Lorca. Muri\u00f3 hace 90 a\u00f1os,pero no desvaneci\u00f3,y le hacemos presente. Espect\u00e1culo de flamenco contempor\u00e1neo,inspirado y dedicado a Federico Garc\u00eda Lorca. Ideado para realizarseen espacios populares y monumentos,asemejando el recuerdo de Lorcaa patrimonio cultural&hellip;Continue Reading &quot;Sole\u00e1 y Jaleo por Lorca&quot;\" \/>\n<meta property=\"og:url\" content=\"https:\/\/elbailaor.com\/?page_id=74\" \/>\n<meta property=\"og:site_name\" content=\"Jes\u00fas Blanco\" \/>\n<meta property=\"article:modified_time\" content=\"2026-03-11T09:10:19+00:00\" \/>\n<meta property=\"og:image\" content=\"https:\/\/elbailaor.com\/wp-content\/uploads\/2026\/03\/solea_y_jaleo_portada_01.jpg\" \/>\n\t<meta property=\"og:image:width\" content=\"1920\" \/>\n\t<meta property=\"og:image:height\" content=\"1080\" \/>\n\t<meta property=\"og:image:type\" content=\"image\/jpeg\" \/>\n<meta name=\"twitter:card\" content=\"summary_large_image\" \/>\n<meta name=\"twitter:label1\" content=\"Tiempo de lectura\" \/>\n\t<meta name=\"twitter:data1\" content=\"2 minutos\" \/>\n<script type=\"application\/ld+json\" class=\"yoast-schema-graph\">{\"@context\":\"https:\/\/schema.org\",\"@graph\":[{\"@type\":\"WebPage\",\"@id\":\"https:\/\/elbailaor.com\/?page_id=74\",\"url\":\"https:\/\/elbailaor.com\/?page_id=74\",\"name\":\"Sole\u00e1 y Jaleo por Lorca - Jes\u00fas Blanco\",\"isPartOf\":{\"@id\":\"https:\/\/elbailaor.com\/#website\"},\"primaryImageOfPage\":{\"@id\":\"https:\/\/elbailaor.com\/?page_id=74#primaryimage\"},\"image\":{\"@id\":\"https:\/\/elbailaor.com\/?page_id=74#primaryimage\"},\"thumbnailUrl\":\"https:\/\/elbailaor.com\/wp-content\/uploads\/2026\/03\/solea_y_jaleo_portada_01.jpg\",\"datePublished\":\"2026-02-28T21:09:13+00:00\",\"dateModified\":\"2026-03-11T09:10:19+00:00\",\"breadcrumb\":{\"@id\":\"https:\/\/elbailaor.com\/?page_id=74#breadcrumb\"},\"inLanguage\":\"es\",\"potentialAction\":[{\"@type\":\"ReadAction\",\"target\":[\"https:\/\/elbailaor.com\/?page_id=74\"]}]},{\"@type\":\"ImageObject\",\"inLanguage\":\"es\",\"@id\":\"https:\/\/elbailaor.com\/?page_id=74#primaryimage\",\"url\":\"https:\/\/elbailaor.com\/wp-content\/uploads\/2026\/03\/solea_y_jaleo_portada_01.jpg\",\"contentUrl\":\"https:\/\/elbailaor.com\/wp-content\/uploads\/2026\/03\/solea_y_jaleo_portada_01.jpg\",\"width\":1920,\"height\":1080},{\"@type\":\"BreadcrumbList\",\"@id\":\"https:\/\/elbailaor.com\/?page_id=74#breadcrumb\",\"itemListElement\":[{\"@type\":\"ListItem\",\"position\":1,\"name\":\"Portada\",\"item\":\"https:\/\/elbailaor.com\/\"},{\"@type\":\"ListItem\",\"position\":2,\"name\":\"ESPECT\u00c1CULOS\",\"item\":\"https:\/\/elbailaor.com\/?page_id=26\"},{\"@type\":\"ListItem\",\"position\":3,\"name\":\"Sole\u00e1 y Jaleo por Lorca\"}]},{\"@type\":\"WebSite\",\"@id\":\"https:\/\/elbailaor.com\/#website\",\"url\":\"https:\/\/elbailaor.com\/\",\"name\":\"Jes\u00fas Blanco el Bailaor\",\"description\":\"Ser humano - Bailaor - Director\",\"publisher\":{\"@id\":\"https:\/\/elbailaor.com\/#organization\"},\"alternateName\":\"Jes\u00fas Blanco\",\"potentialAction\":[{\"@type\":\"SearchAction\",\"target\":{\"@type\":\"EntryPoint\",\"urlTemplate\":\"https:\/\/elbailaor.com\/?s={search_term_string}\"},\"query-input\":{\"@type\":\"PropertyValueSpecification\",\"valueRequired\":true,\"valueName\":\"search_term_string\"}}],\"inLanguage\":\"es\"},{\"@type\":\"Organization\",\"@id\":\"https:\/\/elbailaor.com\/#organization\",\"name\":\"Jes\u00fas Blanco el Bailaor\",\"alternateName\":\"Jes\u00fas Blanco\",\"url\":\"https:\/\/elbailaor.com\/\",\"logo\":{\"@type\":\"ImageObject\",\"inLanguage\":\"es\",\"@id\":\"https:\/\/elbailaor.com\/#\/schema\/logo\/image\/\",\"url\":\"https:\/\/elbailaor.com\/wp-content\/uploads\/2026\/03\/JB-silueta-negra_200px-e1773247012621.jpg\",\"contentUrl\":\"https:\/\/elbailaor.com\/wp-content\/uploads\/2026\/03\/JB-silueta-negra_200px-e1773247012621.jpg\",\"width\":50,\"height\":50,\"caption\":\"Jes\u00fas Blanco el Bailaor\"},\"image\":{\"@id\":\"https:\/\/elbailaor.com\/#\/schema\/logo\/image\/\"}}]}<\/script>\n<!-- \/ Yoast SEO plugin. -->","yoast_head_json":{"title":"Sole\u00e1 y Jaleo por Lorca - Jes\u00fas Blanco","robots":{"index":"index","follow":"follow","max-snippet":"max-snippet:-1","max-image-preview":"max-image-preview:large","max-video-preview":"max-video-preview:-1"},"canonical":"https:\/\/elbailaor.com\/?page_id=74","og_locale":"es_ES","og_type":"article","og_title":"Sole\u00e1 y Jaleo por Lorca - Jes\u00fas Blanco","og_description":"Homenaje a Lorca. Muri\u00f3 hace 90 a\u00f1os,pero no desvaneci\u00f3,y le hacemos presente. Espect\u00e1culo de flamenco contempor\u00e1neo,inspirado y dedicado a Federico Garc\u00eda Lorca. Ideado para realizarseen espacios populares y monumentos,asemejando el recuerdo de Lorcaa patrimonio cultural&hellip;Continue Reading \"Sole\u00e1 y Jaleo por Lorca\"","og_url":"https:\/\/elbailaor.com\/?page_id=74","og_site_name":"Jes\u00fas Blanco","article_modified_time":"2026-03-11T09:10:19+00:00","og_image":[{"width":1920,"height":1080,"url":"https:\/\/elbailaor.com\/wp-content\/uploads\/2026\/03\/solea_y_jaleo_portada_01.jpg","type":"image\/jpeg"}],"twitter_card":"summary_large_image","twitter_misc":{"Tiempo de lectura":"2 minutos"},"schema":{"@context":"https:\/\/schema.org","@graph":[{"@type":"WebPage","@id":"https:\/\/elbailaor.com\/?page_id=74","url":"https:\/\/elbailaor.com\/?page_id=74","name":"Sole\u00e1 y Jaleo por Lorca - Jes\u00fas Blanco","isPartOf":{"@id":"https:\/\/elbailaor.com\/#website"},"primaryImageOfPage":{"@id":"https:\/\/elbailaor.com\/?page_id=74#primaryimage"},"image":{"@id":"https:\/\/elbailaor.com\/?page_id=74#primaryimage"},"thumbnailUrl":"https:\/\/elbailaor.com\/wp-content\/uploads\/2026\/03\/solea_y_jaleo_portada_01.jpg","datePublished":"2026-02-28T21:09:13+00:00","dateModified":"2026-03-11T09:10:19+00:00","breadcrumb":{"@id":"https:\/\/elbailaor.com\/?page_id=74#breadcrumb"},"inLanguage":"es","potentialAction":[{"@type":"ReadAction","target":["https:\/\/elbailaor.com\/?page_id=74"]}]},{"@type":"ImageObject","inLanguage":"es","@id":"https:\/\/elbailaor.com\/?page_id=74#primaryimage","url":"https:\/\/elbailaor.com\/wp-content\/uploads\/2026\/03\/solea_y_jaleo_portada_01.jpg","contentUrl":"https:\/\/elbailaor.com\/wp-content\/uploads\/2026\/03\/solea_y_jaleo_portada_01.jpg","width":1920,"height":1080},{"@type":"BreadcrumbList","@id":"https:\/\/elbailaor.com\/?page_id=74#breadcrumb","itemListElement":[{"@type":"ListItem","position":1,"name":"Portada","item":"https:\/\/elbailaor.com\/"},{"@type":"ListItem","position":2,"name":"ESPECT\u00c1CULOS","item":"https:\/\/elbailaor.com\/?page_id=26"},{"@type":"ListItem","position":3,"name":"Sole\u00e1 y Jaleo por Lorca"}]},{"@type":"WebSite","@id":"https:\/\/elbailaor.com\/#website","url":"https:\/\/elbailaor.com\/","name":"Jes\u00fas Blanco el Bailaor","description":"Ser humano - Bailaor - Director","publisher":{"@id":"https:\/\/elbailaor.com\/#organization"},"alternateName":"Jes\u00fas Blanco","potentialAction":[{"@type":"SearchAction","target":{"@type":"EntryPoint","urlTemplate":"https:\/\/elbailaor.com\/?s={search_term_string}"},"query-input":{"@type":"PropertyValueSpecification","valueRequired":true,"valueName":"search_term_string"}}],"inLanguage":"es"},{"@type":"Organization","@id":"https:\/\/elbailaor.com\/#organization","name":"Jes\u00fas Blanco el Bailaor","alternateName":"Jes\u00fas Blanco","url":"https:\/\/elbailaor.com\/","logo":{"@type":"ImageObject","inLanguage":"es","@id":"https:\/\/elbailaor.com\/#\/schema\/logo\/image\/","url":"https:\/\/elbailaor.com\/wp-content\/uploads\/2026\/03\/JB-silueta-negra_200px-e1773247012621.jpg","contentUrl":"https:\/\/elbailaor.com\/wp-content\/uploads\/2026\/03\/JB-silueta-negra_200px-e1773247012621.jpg","width":50,"height":50,"caption":"Jes\u00fas Blanco el Bailaor"},"image":{"@id":"https:\/\/elbailaor.com\/#\/schema\/logo\/image\/"}}]}},"jetpack_sharing_enabled":true,"_links":{"self":[{"href":"https:\/\/elbailaor.com\/index.php?rest_route=\/wp\/v2\/pages\/74","targetHints":{"allow":["GET"]}}],"collection":[{"href":"https:\/\/elbailaor.com\/index.php?rest_route=\/wp\/v2\/pages"}],"about":[{"href":"https:\/\/elbailaor.com\/index.php?rest_route=\/wp\/v2\/types\/page"}],"author":[{"embeddable":true,"href":"https:\/\/elbailaor.com\/index.php?rest_route=\/wp\/v2\/users\/2"}],"replies":[{"embeddable":true,"href":"https:\/\/elbailaor.com\/index.php?rest_route=%2Fwp%2Fv2%2Fcomments&post=74"}],"version-history":[{"count":6,"href":"https:\/\/elbailaor.com\/index.php?rest_route=\/wp\/v2\/pages\/74\/revisions"}],"predecessor-version":[{"id":158,"href":"https:\/\/elbailaor.com\/index.php?rest_route=\/wp\/v2\/pages\/74\/revisions\/158"}],"up":[{"embeddable":true,"href":"https:\/\/elbailaor.com\/index.php?rest_route=\/wp\/v2\/pages\/26"}],"wp:featuredmedia":[{"embeddable":true,"href":"https:\/\/elbailaor.com\/index.php?rest_route=\/wp\/v2\/media\/105"}],"wp:attachment":[{"href":"https:\/\/elbailaor.com\/index.php?rest_route=%2Fwp%2Fv2%2Fmedia&parent=74"}],"curies":[{"name":"wp","href":"https:\/\/api.w.org\/{rel}","templated":true}]}}