{"id":9,"date":"2026-01-09T18:58:31","date_gmt":"2026-01-09T17:58:31","guid":{"rendered":"https:\/\/elbailaor.wordpress.com\/?page_id=9"},"modified":"2026-03-11T10:07:39","modified_gmt":"2026-03-11T09:07:39","slug":"biografia","status":"publish","type":"page","link":"https:\/\/elbailaor.com\/?page_id=9","title":{"rendered":"BIOGRAF\u00cdA"},"content":{"rendered":"\n<p>Me llamo Jes\u00fas Blanco Pilo, nac\u00ed un 24 de Diciembre de 1985, en Badajoz, donde he pasado largos periodos de vacaciones en familia, especialmente en esos largos veranos de juventud, pero tambi\u00e9n muy vinculado a Tarragona ya que con tan solo un mes de vida vine a vivir con mis padres a Torreforta, un barrio que crearon con el desarrollo de la industria petroqu\u00edmica, Al llegar mi adolescencia vivimos en los barrios de Sant Pere i Sant Pau y Sant Salvador, y cuando me independic\u00e9 me fui a vivir al centro de Tarragona.<\/p>\n\n\n\n<figure class=\"wp-block-image size-large\"><img fetchpriority=\"high\" decoding=\"async\" width=\"1024\" height=\"683\" src=\"https:\/\/elbailaor.com\/wp-content\/uploads\/2026\/03\/jesus_blanco_tablaos-1024x683.jpg\" alt=\"\" class=\"wp-image-100\" srcset=\"https:\/\/elbailaor.com\/wp-content\/uploads\/2026\/03\/jesus_blanco_tablaos-1024x683.jpg 1024w, https:\/\/elbailaor.com\/wp-content\/uploads\/2026\/03\/jesus_blanco_tablaos-300x200.jpg 300w, https:\/\/elbailaor.com\/wp-content\/uploads\/2026\/03\/jesus_blanco_tablaos-768x512.jpg 768w, https:\/\/elbailaor.com\/wp-content\/uploads\/2026\/03\/jesus_blanco_tablaos-1536x1024.jpg 1536w, https:\/\/elbailaor.com\/wp-content\/uploads\/2026\/03\/jesus_blanco_tablaos.jpg 1920w\" sizes=\"(max-width: 1024px) 100vw, 1024px\" \/><\/figure>\n\n\n\n<p>Ah\u00ed empec\u00e9 a dar mis primeros pasos, en un barrio humilde y trabajador. Viv\u00eda en el Barrio del Pilar, pero iba al centro de Tarragona a la Academia Roig a estudiar.<\/p>\n\n\n\n<p>Empec\u00e9 a bailar a los 8 a\u00f1os de edad, en una Asociaci\u00f3n Cultural, La Casa de Andaluc\u00eda de Tarragona y Provincia, de la mano de Francis N\u00fa\u00f1ez, bailar\u00edn reconocido en Tarragona. M\u00e1s adelante continu\u00e9 form\u00e1ndome en diferentes escuelas de Tarragona. Enseguida empec\u00e9 a actuar de forma profesional, con 14 a\u00f1os empezaba a impartir clases de sevillanas y bailaba en Hoteles y campings de toda la provincia de Tarragona, con el Ballet de \u00c1frica Aguilar, profesora que tambi\u00e9n me ayud\u00f3 mucho. Tambi\u00e9n compaginaba los hoteles con el Ballet Alhambra, con Adelaida Guerrero y Cristian Quesada, ten\u00edan tambi\u00e9n una academia de flamenco en mi barrio donde tambi\u00e9n aprend\u00ed mucho e hice muchas amistades. Me dejo m\u00e1s personas que me ayudaron y de las que aprendi mucho, aunque no las pueda nombrar a todas, me acuerdo de cada una de ellas.<\/p>\n\n\n\n<p>Con 15 a\u00f1os acab\u00e9 el colegio y me anim\u00e9 a inscribirme en la escuela de hosteler\u00eda y turismo de Cambrils, donde aprend\u00ed a desenvolverme en sus cocinas y salas. Ah\u00ed empez\u00f3 el amor por el turismo. Mas adelante, con 18 a\u00f1os segu\u00ed mi formaci\u00f3n flamenca en Barcelona en distintas escuelas de flamenco.<\/p>\n\n\n\n<figure class=\"wp-block-image size-large\"><img decoding=\"async\" src=\"https:\/\/elbailaor.wordpress.com\/wp-content\/uploads\/2026\/01\/jb-kintsugi-groc.jpg?w=1024\" alt=\"\" class=\"wp-image-61\"\/><\/figure>\n\n\n\n<p>Ah\u00ed fue donde empec\u00e9 a dedicarme realmente a este maravilloso arte tan rico como es el flamenco.<\/p>\n\n\n\n<p>A la misma vez, y desde los 16 a\u00f1os, compaginaba mis estudios de flamenco, con el trabajo de herrero, que desarroll\u00e9 durante varios a\u00f1os trabajando con mi padre en su herrer\u00eda, donde le ayudaba en lo que pod\u00eda y aprend\u00eda la profesi\u00f3n. Junto a \u00e9l trabajamos para la Diputaci\u00f3n de Tarragona, Consell comarcal y varias instituciones mas. Fue muy interesante para mi esa \u00e9poca, pues con la Diputaci\u00f3n, nos \u00edbamos a montar stands de turismo, donde llev\u00e1bamos a Tarragona por muchas partes de la geograf\u00eda catalana, espa\u00f1ola y del extranjero.<\/p>\n\n\n\n<p>\u00a1Entonces lleg\u00f3 el momento de irme a Granada!<\/p>\n\n\n\n<p>Y llegu\u00e9 a la Universidad del flamenco, Los Tablaos. Mi formaci\u00f3n principal fue con Adri\u00e1n S\u00e1nchez, un gran maestro granadino, de el aprendi mucho y le agradecer\u00e9 siempre la ayuda que me brind\u00f3 . Alli vivi 4 a\u00f1os y trabaj\u00e9 en las famosas cuevas del Sacromonte y en muchos de sus grandes tablaos flamencos.<\/p>\n\n\n\n<p>Francis N\u00fa\u00f1ez (Tarragona), Tato Romero (Tarragona), \u00c1frica Aguilar (Tarragona), Adr\u00edan S\u00e1nchez (Granada) y Roc\u00edo Molina (Sevilla) han sido mis principales maestros. Tambi\u00e9n segu\u00ed form\u00e1ndome en cursos y master clases en Madrid y Sevilla con artistas como Farruquito, Bel\u00e9n L\u00f3pez, Antonio Canales, El farru, Jesus Carmona, Pedro C\u00f3rdoba, Alfonso Losa, el Oruco, entre otros\u2026<\/p>\n\n\n\n<figure class=\"wp-block-image size-large\"><img decoding=\"async\" src=\"https:\/\/imagenes.diaridetarragona.com\/files\/og_thumbnail\/uploads\/2025\/06\/04\/684044ebb8609.jpeg\" alt=\"\"\/><\/figure>\n\n\n\n<p>Danza Coraz\u00f3n es el nombre que he sentido para definir mi propuesta art\u00edstica, porque pone el coraz\u00f3n en el centro: los sentimientos, la historia, la verdad humana.<\/p>\n\n\n\n<p>En la Danza Coraz\u00f3n la t\u00e9cnica no desaparece, sino que ocupa el lugar que le corresponde: estar al servicio del arte y no al rev\u00e9s.<\/p>\n\n\n\n<p>En un mundo donde cada d\u00eda se valora m\u00e1s la perfecci\u00f3n t\u00e9cnica por encima del mensaje, esta danza elige empezar desde el coraz\u00f3n. El movimiento nace de la emoci\u00f3n aut\u00e9ntica, honestidad y fidelidad,, incluso si no es \u201ccorrecto\u201d o \u201cperfecto\u201d en el sentido acad\u00e9mico.<\/p>\n\n\n\n<p>Ah\u00ed radica su belleza: aceptar que el ser humano no es perfecto y abrazar esa imperfecci\u00f3n como algo profundamente bello.<\/p>\n\n\n\n<p>La Danza Coraz\u00f3n es una invitaci\u00f3n a mirarnos sin m\u00e1scaras, a bailar nuestra verdad y compartirla con el mundo.<\/p>\n","protected":false},"excerpt":{"rendered":"<p>Me llamo Jes\u00fas Blanco Pilo, nac\u00ed un 24 de Diciembre de 1985, en Badajoz, donde he pasado largos periodos de vacaciones en familia, especialmente en esos largos veranos de juventud, pero tambi\u00e9n muy vinculado a&hellip;<\/p>\n<p class=\"more-link-wrapper\"><a href=\"https:\/\/elbailaor.com\/?page_id=9\" class=\"more-link\">Continue Reading<span class=\"screen-reader-text\"> \u00abBIOGRAF\u00cdA\u00bb<\/span><\/a><\/p>\n","protected":false},"author":2,"featured_media":0,"parent":0,"menu_order":1,"comment_status":"closed","ping_status":"closed","template":"","meta":{"footnotes":""},"class_list":["post-9","page","type-page","status-publish","hentry"],"yoast_head":"<!-- This site is optimized with the Yoast SEO plugin v27.1.1 - https:\/\/yoast.com\/product\/yoast-seo-wordpress\/ -->\n<title>BIOGRAF\u00cdA - Jes\u00fas Blanco<\/title>\n<meta name=\"description\" content=\"Bailaor de flamenco contempor\u00e1neo y cl\u00e1sico\" \/>\n<meta name=\"robots\" content=\"index, follow, max-snippet:-1, max-image-preview:large, max-video-preview:-1\" \/>\n<link rel=\"canonical\" href=\"https:\/\/elbailaor.com\/?page_id=9\" \/>\n<meta property=\"og:locale\" content=\"es_ES\" \/>\n<meta property=\"og:type\" content=\"article\" \/>\n<meta property=\"og:title\" content=\"BIOGRAF\u00cdA - Jes\u00fas Blanco\" \/>\n<meta property=\"og:description\" content=\"Bailaor de flamenco contempor\u00e1neo y cl\u00e1sico\" \/>\n<meta property=\"og:url\" content=\"https:\/\/elbailaor.com\/?page_id=9\" \/>\n<meta property=\"og:site_name\" content=\"Jes\u00fas Blanco\" \/>\n<meta property=\"article:modified_time\" content=\"2026-03-11T09:07:39+00:00\" \/>\n<meta property=\"og:image\" content=\"https:\/\/elbailaor.com\/wp-content\/uploads\/2026\/03\/jesus_blanco_tablaos.jpg\" \/>\n\t<meta property=\"og:image:width\" content=\"1920\" \/>\n\t<meta property=\"og:image:height\" content=\"1280\" \/>\n\t<meta property=\"og:image:type\" content=\"image\/jpeg\" \/>\n<meta name=\"twitter:card\" content=\"summary_large_image\" \/>\n<meta name=\"twitter:label1\" content=\"Tiempo de lectura\" \/>\n\t<meta name=\"twitter:data1\" content=\"4 minutos\" \/>\n<script type=\"application\/ld+json\" class=\"yoast-schema-graph\">{\"@context\":\"https:\/\/schema.org\",\"@graph\":[{\"@type\":\"WebPage\",\"@id\":\"https:\/\/elbailaor.com\/?page_id=9\",\"url\":\"https:\/\/elbailaor.com\/?page_id=9\",\"name\":\"BIOGRAF\u00cdA - Jes\u00fas Blanco\",\"isPartOf\":{\"@id\":\"https:\/\/elbailaor.com\/#website\"},\"primaryImageOfPage\":{\"@id\":\"https:\/\/elbailaor.com\/?page_id=9#primaryimage\"},\"image\":{\"@id\":\"https:\/\/elbailaor.com\/?page_id=9#primaryimage\"},\"thumbnailUrl\":\"https:\/\/elbailaor.com\/wp-content\/uploads\/2026\/03\/jesus_blanco_tablaos-1024x683.jpg\",\"datePublished\":\"2026-01-09T17:58:31+00:00\",\"dateModified\":\"2026-03-11T09:07:39+00:00\",\"description\":\"Bailaor de flamenco contempor\u00e1neo y cl\u00e1sico\",\"breadcrumb\":{\"@id\":\"https:\/\/elbailaor.com\/?page_id=9#breadcrumb\"},\"inLanguage\":\"es\",\"potentialAction\":[{\"@type\":\"ReadAction\",\"target\":[\"https:\/\/elbailaor.com\/?page_id=9\"]}]},{\"@type\":\"ImageObject\",\"inLanguage\":\"es\",\"@id\":\"https:\/\/elbailaor.com\/?page_id=9#primaryimage\",\"url\":\"https:\/\/elbailaor.com\/wp-content\/uploads\/2026\/03\/jesus_blanco_tablaos.jpg\",\"contentUrl\":\"https:\/\/elbailaor.com\/wp-content\/uploads\/2026\/03\/jesus_blanco_tablaos.jpg\",\"width\":1920,\"height\":1280},{\"@type\":\"BreadcrumbList\",\"@id\":\"https:\/\/elbailaor.com\/?page_id=9#breadcrumb\",\"itemListElement\":[{\"@type\":\"ListItem\",\"position\":1,\"name\":\"Portada\",\"item\":\"https:\/\/elbailaor.com\/\"},{\"@type\":\"ListItem\",\"position\":2,\"name\":\"BIOGRAF\u00cdA\"}]},{\"@type\":\"WebSite\",\"@id\":\"https:\/\/elbailaor.com\/#website\",\"url\":\"https:\/\/elbailaor.com\/\",\"name\":\"Jes\u00fas Blanco el Bailaor\",\"description\":\"Ser humano - Bailaor - Director\",\"publisher\":{\"@id\":\"https:\/\/elbailaor.com\/#organization\"},\"alternateName\":\"Jes\u00fas Blanco\",\"potentialAction\":[{\"@type\":\"SearchAction\",\"target\":{\"@type\":\"EntryPoint\",\"urlTemplate\":\"https:\/\/elbailaor.com\/?s={search_term_string}\"},\"query-input\":{\"@type\":\"PropertyValueSpecification\",\"valueRequired\":true,\"valueName\":\"search_term_string\"}}],\"inLanguage\":\"es\"},{\"@type\":\"Organization\",\"@id\":\"https:\/\/elbailaor.com\/#organization\",\"name\":\"Jes\u00fas Blanco el Bailaor\",\"alternateName\":\"Jes\u00fas Blanco\",\"url\":\"https:\/\/elbailaor.com\/\",\"logo\":{\"@type\":\"ImageObject\",\"inLanguage\":\"es\",\"@id\":\"https:\/\/elbailaor.com\/#\/schema\/logo\/image\/\",\"url\":\"https:\/\/elbailaor.com\/wp-content\/uploads\/2026\/03\/JB-silueta-negra_200px-e1773247012621.jpg\",\"contentUrl\":\"https:\/\/elbailaor.com\/wp-content\/uploads\/2026\/03\/JB-silueta-negra_200px-e1773247012621.jpg\",\"width\":50,\"height\":50,\"caption\":\"Jes\u00fas Blanco el Bailaor\"},\"image\":{\"@id\":\"https:\/\/elbailaor.com\/#\/schema\/logo\/image\/\"}}]}<\/script>\n<!-- \/ Yoast SEO plugin. -->","yoast_head_json":{"title":"BIOGRAF\u00cdA - Jes\u00fas Blanco","description":"Bailaor de flamenco contempor\u00e1neo y cl\u00e1sico","robots":{"index":"index","follow":"follow","max-snippet":"max-snippet:-1","max-image-preview":"max-image-preview:large","max-video-preview":"max-video-preview:-1"},"canonical":"https:\/\/elbailaor.com\/?page_id=9","og_locale":"es_ES","og_type":"article","og_title":"BIOGRAF\u00cdA - Jes\u00fas Blanco","og_description":"Bailaor de flamenco contempor\u00e1neo y cl\u00e1sico","og_url":"https:\/\/elbailaor.com\/?page_id=9","og_site_name":"Jes\u00fas Blanco","article_modified_time":"2026-03-11T09:07:39+00:00","og_image":[{"width":1920,"height":1280,"url":"https:\/\/elbailaor.com\/wp-content\/uploads\/2026\/03\/jesus_blanco_tablaos.jpg","type":"image\/jpeg"}],"twitter_card":"summary_large_image","twitter_misc":{"Tiempo de lectura":"4 minutos"},"schema":{"@context":"https:\/\/schema.org","@graph":[{"@type":"WebPage","@id":"https:\/\/elbailaor.com\/?page_id=9","url":"https:\/\/elbailaor.com\/?page_id=9","name":"BIOGRAF\u00cdA - Jes\u00fas Blanco","isPartOf":{"@id":"https:\/\/elbailaor.com\/#website"},"primaryImageOfPage":{"@id":"https:\/\/elbailaor.com\/?page_id=9#primaryimage"},"image":{"@id":"https:\/\/elbailaor.com\/?page_id=9#primaryimage"},"thumbnailUrl":"https:\/\/elbailaor.com\/wp-content\/uploads\/2026\/03\/jesus_blanco_tablaos-1024x683.jpg","datePublished":"2026-01-09T17:58:31+00:00","dateModified":"2026-03-11T09:07:39+00:00","description":"Bailaor de flamenco contempor\u00e1neo y cl\u00e1sico","breadcrumb":{"@id":"https:\/\/elbailaor.com\/?page_id=9#breadcrumb"},"inLanguage":"es","potentialAction":[{"@type":"ReadAction","target":["https:\/\/elbailaor.com\/?page_id=9"]}]},{"@type":"ImageObject","inLanguage":"es","@id":"https:\/\/elbailaor.com\/?page_id=9#primaryimage","url":"https:\/\/elbailaor.com\/wp-content\/uploads\/2026\/03\/jesus_blanco_tablaos.jpg","contentUrl":"https:\/\/elbailaor.com\/wp-content\/uploads\/2026\/03\/jesus_blanco_tablaos.jpg","width":1920,"height":1280},{"@type":"BreadcrumbList","@id":"https:\/\/elbailaor.com\/?page_id=9#breadcrumb","itemListElement":[{"@type":"ListItem","position":1,"name":"Portada","item":"https:\/\/elbailaor.com\/"},{"@type":"ListItem","position":2,"name":"BIOGRAF\u00cdA"}]},{"@type":"WebSite","@id":"https:\/\/elbailaor.com\/#website","url":"https:\/\/elbailaor.com\/","name":"Jes\u00fas Blanco el Bailaor","description":"Ser humano - Bailaor - Director","publisher":{"@id":"https:\/\/elbailaor.com\/#organization"},"alternateName":"Jes\u00fas Blanco","potentialAction":[{"@type":"SearchAction","target":{"@type":"EntryPoint","urlTemplate":"https:\/\/elbailaor.com\/?s={search_term_string}"},"query-input":{"@type":"PropertyValueSpecification","valueRequired":true,"valueName":"search_term_string"}}],"inLanguage":"es"},{"@type":"Organization","@id":"https:\/\/elbailaor.com\/#organization","name":"Jes\u00fas Blanco el Bailaor","alternateName":"Jes\u00fas Blanco","url":"https:\/\/elbailaor.com\/","logo":{"@type":"ImageObject","inLanguage":"es","@id":"https:\/\/elbailaor.com\/#\/schema\/logo\/image\/","url":"https:\/\/elbailaor.com\/wp-content\/uploads\/2026\/03\/JB-silueta-negra_200px-e1773247012621.jpg","contentUrl":"https:\/\/elbailaor.com\/wp-content\/uploads\/2026\/03\/JB-silueta-negra_200px-e1773247012621.jpg","width":50,"height":50,"caption":"Jes\u00fas Blanco el Bailaor"},"image":{"@id":"https:\/\/elbailaor.com\/#\/schema\/logo\/image\/"}}]}},"jetpack_sharing_enabled":true,"_links":{"self":[{"href":"https:\/\/elbailaor.com\/index.php?rest_route=\/wp\/v2\/pages\/9","targetHints":{"allow":["GET"]}}],"collection":[{"href":"https:\/\/elbailaor.com\/index.php?rest_route=\/wp\/v2\/pages"}],"about":[{"href":"https:\/\/elbailaor.com\/index.php?rest_route=\/wp\/v2\/types\/page"}],"author":[{"embeddable":true,"href":"https:\/\/elbailaor.com\/index.php?rest_route=\/wp\/v2\/users\/2"}],"replies":[{"embeddable":true,"href":"https:\/\/elbailaor.com\/index.php?rest_route=%2Fwp%2Fv2%2Fcomments&post=9"}],"version-history":[{"count":2,"href":"https:\/\/elbailaor.com\/index.php?rest_route=\/wp\/v2\/pages\/9\/revisions"}],"predecessor-version":[{"id":131,"href":"https:\/\/elbailaor.com\/index.php?rest_route=\/wp\/v2\/pages\/9\/revisions\/131"}],"wp:attachment":[{"href":"https:\/\/elbailaor.com\/index.php?rest_route=%2Fwp%2Fv2%2Fmedia&parent=9"}],"curies":[{"name":"wp","href":"https:\/\/api.w.org\/{rel}","templated":true}]}}